{"id":6716,"date":"2017-01-10T20:46:54","date_gmt":"2017-01-10T18:46:54","guid":{"rendered":"http:\/\/www.germansuzuki.com\/?page_id=6716"},"modified":"2024-02-07T21:37:29","modified_gmt":"2024-02-07T19:37:29","slug":"so-macht-violintechnik-spass","status":"publish","type":"page","link":"https:\/\/www.germansuzuki.de\/?page_id=6716","title":{"rendered":"So macht Violintechnik Spa\u00df"},"content":{"rendered":"[vc_row type=&#8220;in_container&#8220; full_screen_row_position=&#8220;middle&#8220; scene_position=&#8220;center&#8220; text_color=&#8220;dark&#8220; text_align=&#8220;left&#8220; overlay_strength=&#8220;0.3&#8243; shape_divider_position=&#8220;bottom&#8220;][vc_column column_padding=&#8220;no-extra-padding&#8220; column_padding_position=&#8220;all&#8220; background_color_opacity=&#8220;1&#8243; background_hover_color_opacity=&#8220;1&#8243; column_shadow=&#8220;none&#8220; column_border_radius=&#8220;none&#8220; width=&#8220;1\/2&#8243; tablet_text_alignment=&#8220;default&#8220; phone_text_alignment=&#8220;default&#8220; column_border_width=&#8220;none&#8220; column_border_style=&#8220;solid&#8220;][vc_column_text]\n<h2><span style=\"color: #000080;\">So macht Violintechnik Spa\u00df<\/span><\/h2>\n<h3><span style=\"color: #000000;\">von Kerstin Wartberg<\/span><\/h3>\n<h3><span style=\"color: #000000;\"><strong>Mittelstufe:<\/strong><\/span><br \/>\n<span style=\"color: #000000;\"> <strong> Basis\u00fcbungen mit Klavier-Arrangements von David Andruss<\/strong><\/span><br \/>\n<span style=\"color: #000000;\"> Band 1<\/span><\/h3>\n<p><span style=\"color: #000000;\"><strong>Ausgabe:<\/strong> Noten und CD<br \/>\n<strong>Verlag:<\/strong> ISTEX MUSIC PUBLICATIONS<br \/>\n<b>Sprachen:<\/b> Deutsch\/Englisch<br \/>\n<strong>Schwierigkeitsgrad: <\/strong>Obere Mittelstufe = Suzuki-Heft 5-8<b><br \/>\n80 <\/b><b>Seiten mit MP3 CD &amp; digitalem Download<\/b><br \/>\n<\/span><\/p>\n<p><strong><span style=\"color: #000000;\">ISBN 978-3-946872 00 9<\/span><\/strong><\/p>\n<p><span style=\"color: #000000;\"><strong>Rudolf G\u00e4hler, Violine<\/strong><\/span><br \/>\n<span style=\"color: #000000;\"><strong>David Andrus, Klavier<br \/>\nund Klavierarrangement aller eingespielen St\u00fccke<\/strong><\/span>[\/vc_column_text][\/vc_column][vc_column column_padding=&#8220;no-extra-padding&#8220; column_padding_position=&#8220;all&#8220; background_color_opacity=&#8220;1&#8243; background_hover_color_opacity=&#8220;1&#8243; column_shadow=&#8220;none&#8220; column_border_radius=&#8220;none&#8220; width=&#8220;1\/2&#8243; tablet_text_alignment=&#8220;default&#8220; phone_text_alignment=&#8220;default&#8220; column_border_width=&#8220;none&#8220; column_border_style=&#8220;solid&#8220;]<div class=\"divider-wrap\"><div style=\"height: 25px;\" class=\"divider\"><\/div><\/div>[vc_video link=&#8220;https:\/\/www.youtube.com\/watch?v=k3gpUJi-_Uw&#8220;][\/vc_column][\/vc_row][vc_row type=&#8220;in_container&#8220; full_screen_row_position=&#8220;middle&#8220; scene_position=&#8220;center&#8220; text_color=&#8220;dark&#8220; text_align=&#8220;left&#8220; overlay_strength=&#8220;0.3&#8243; shape_divider_position=&#8220;bottom&#8220;][vc_column column_padding=&#8220;no-extra-padding&#8220; column_padding_position=&#8220;all&#8220; background_color_opacity=&#8220;1&#8243; background_hover_color_opacity=&#8220;1&#8243; column_shadow=&#8220;none&#8220; column_border_radius=&#8220;none&#8220; width=&#8220;1\/1&#8243; tablet_text_alignment=&#8220;default&#8220; phone_text_alignment=&#8220;default&#8220; column_border_width=&#8220;none&#8220; column_border_style=&#8220;solid&#8220;][\/vc_column][\/vc_row][vc_row type=&#8220;in_container&#8220; full_screen_row_position=&#8220;middle&#8220; scene_position=&#8220;center&#8220; text_color=&#8220;dark&#8220; text_align=&#8220;left&#8220; overlay_strength=&#8220;0.3&#8243; shape_divider_position=&#8220;bottom&#8220;][vc_column column_padding=&#8220;no-extra-padding&#8220; column_padding_position=&#8220;all&#8220; background_color_opacity=&#8220;1&#8243; background_hover_color_opacity=&#8220;1&#8243; column_shadow=&#8220;none&#8220; column_border_radius=&#8220;none&#8220; width=&#8220;1\/3&#8243; tablet_text_alignment=&#8220;default&#8220; phone_text_alignment=&#8220;default&#8220; column_border_width=&#8220;none&#8220; column_border_style=&#8220;solid&#8220;][vc_column_text]<img decoding=\"async\" loading=\"lazy\" class=\"aligncenter size-full wp-image-2389\" src=\"https:\/\/en.germansuzuki.com\/wp-content\/uploads\/2016\/12\/Enjoying_ISTEX_Titel_kl.jpg\" alt=\"\" width=\"969\" height=\"1265\" \/>[\/vc_column_text][\/vc_column][vc_column column_padding=&#8220;no-extra-padding&#8220; column_padding_position=&#8220;all&#8220; background_color_opacity=&#8220;1&#8243; background_hover_color_opacity=&#8220;1&#8243; column_shadow=&#8220;none&#8220; column_border_radius=&#8220;none&#8220; top_margin=&#8220;40&#8243; width=&#8220;1\/6&#8243; tablet_text_alignment=&#8220;default&#8220; phone_text_alignment=&#8220;default&#8220; column_border_width=&#8220;none&#8220; column_border_style=&#8220;solid&#8220;][\/vc_column][vc_column column_padding=&#8220;no-extra-padding&#8220; column_padding_position=&#8220;all&#8220; background_color_opacity=&#8220;1&#8243; background_hover_color_opacity=&#8220;1&#8243; column_shadow=&#8220;none&#8220; column_border_radius=&#8220;none&#8220; width=&#8220;3\/6&#8243; tablet_text_alignment=&#8220;default&#8220; phone_text_alignment=&#8220;default&#8220; column_border_width=&#8220;none&#8220; column_border_style=&#8220;solid&#8220;]<div class=\"divider-wrap\"><div style=\"height: 25px;\" class=\"divider\"><\/div><\/div><div class=\"divider-wrap\"><div style=\"height: 25px;\" class=\"divider\"><\/div><\/div>[vc_column_text]<span style=\"color: #000000;\"><strong>Der erste Band von Kerstin Wartbergs Violintechnik-Reihe mit CD und digitalem Download richtet sich an junge Geigensch\u00fcler der Mittelstufe. Ann\u00e4hernd 100 \u00dcbungen, davon 75 mit Klavierbegleitung, sind auf 10 Kapitel verteilt worden:<\/strong><\/span><\/p>\n<ol>\n<li><strong><span style=\"color: #000000;\">Tonleitern &amp; Dreikl\u00e4nge \u00fcber eine und zwei Oktaven (1.-6. Lage)<\/span><\/strong><\/li>\n<li><strong><span style=\"color: #000000;\">Lagenwechsel\u00fcbungen (nach \u0160ev\u010d\u00edk)<\/span><\/strong><\/li>\n<li><strong><span style=\"color: #000000;\">Tonleitern &amp; Dreikl\u00e4nge auf einer Saite (nach Flesch)<\/span><\/strong><\/li>\n<li><strong><span style=\"color: #000000;\">Tonleitern &amp; Dreikl\u00e4nge \u00fcber drei Oktaven<\/span><\/strong><\/li>\n<li><strong><span style=\"color: #000000;\">Spiel in hohen Lagen<\/span><\/strong><\/li>\n<li><strong><span style=\"color: #000000;\">Intonations-\u00dcbungen<\/span><\/strong><\/li>\n<li><strong><span style=\"color: #000000;\">Kontaktstellen<\/span><\/strong><\/li>\n<li><strong><span style=\"color: #000000;\">Vibrato<\/span><\/strong><\/li>\n<li><strong><span style=\"color: #000000;\">Elementare Triller\u00fcbungen<\/span><\/strong><\/li>\n<li><strong><span style=\"color: #000000;\">Doppelgriffe<\/span><\/strong><\/li>\n<\/ol>\n[\/vc_column_text][\/vc_column][\/vc_row][vc_row type=&#8220;in_container&#8220; full_screen_row_position=&#8220;middle&#8220; scene_position=&#8220;center&#8220; text_color=&#8220;dark&#8220; text_align=&#8220;left&#8220; overlay_strength=&#8220;0.3&#8243; shape_divider_position=&#8220;bottom&#8220;][vc_column column_padding=&#8220;no-extra-padding&#8220; column_padding_position=&#8220;all&#8220; background_color_opacity=&#8220;1&#8243; background_hover_color_opacity=&#8220;1&#8243; column_shadow=&#8220;none&#8220; column_border_radius=&#8220;none&#8220; width=&#8220;1\/1&#8243; tablet_text_alignment=&#8220;default&#8220; phone_text_alignment=&#8220;default&#8220; column_border_width=&#8220;none&#8220; column_border_style=&#8220;solid&#8220;][vc_column_text]\n<h3><span style=\"color: #000080;\">DIE BESONDERHEITEN<\/span><\/h3>\n<ul>\n<li><strong><strong><span style=\"color: #000000;\">Jedes Kapitel ist mit zahlreichen informativen Fotos ausgestattet sowie mit praxisnahen Hinweisen gro\u00dfer Violinp\u00e4dagogen.<\/span><\/strong><\/strong><\/li>\n<li><strong><strong><span style=\"color: #000000;\">Zitate von <em>Dorothy DeLay, Simon Fischer, Carl Flesch, Ivan Galamian, Jascha Heifetz, Itzhak Perlman, Otakar<\/em><em> \u0160ev\u010d\u00edk <\/em>und <em>Shinichi Suzuki <\/em>wollen den Sch\u00fclern wertvolle Einblicke vermitteln und ihnen bereits in diesem Stadium Gelegenheit bieten, \u201evon den gro\u00dfen Meistern zu lernen.\u201c<\/span><\/strong><\/strong><\/li>\n<li><strong><strong><span style=\"color: #000000;\">Ein wesentlicher Schl\u00fcssel zum Erfolg liegt in der lebendigen Klavierbegleitung von <em>David Andruss<\/em>. Diese hat auf viele Sch\u00fcler eine stark motivierende Wirkung und f\u00f6rdert ebenso die Konzentration beim \u00dcben. Ganz automatisch w\u00e4chst dadurch die Qualit\u00e4t des \u00dcbens mit der Folge, dass sich auffallende Fortschritte u.a. in den Bereichen Intonation, Rhythmus, Klangqualit\u00e4t und Leichtigkeit des Spiels einstellen. Dieses Material ist nicht nur f\u00fcr den Einzelunterricht von gro\u00dfem Nutzen, sondern kann auch im Gruppenunterricht bestens eingesetzt werden.<\/span><\/strong><\/strong><\/li>\n<li><strong><span style=\"color: #000000;\">Die Violinp\u00e4dagogin und Suzuki-Spezialistin <em>Kerstin Wartberg<\/em>, die sich auch als deutsche \u00dcbersetzerin der einschl\u00e4gigen Standardliteratur von <em>Simon Fischer <\/em>einen Namen gemacht hat, ist Autorin von mehreren Unterrichtswerken f\u00fcr Violine und hat mit der vorliegenden Reihe ein neues instrumentalp\u00e4dagogisches Konzept entwickelt, das jedem Violinsch\u00fcler der Mittelstufe von gro\u00dfem Nutzen sein d\u00fcrfte.<\/span><\/strong><\/li>\n<\/ul>\n[\/vc_column_text]<div class=\"divider-wrap\"><div style=\"height: 25px;\" class=\"divider\"><\/div><\/div>[vc_column_text]\n<h3 style=\"text-align: center;\"><\/h3>\n<h3 style=\"text-align: center;\"><span style=\"color: #000080;\"><strong>Bestellm\u00f6glichkeiten<\/strong><\/span><\/h3>\n<h6 style=\"text-align: center;\"><span style=\"color: #000080;\"><span style=\"color: #000000;\"><strong>DEUTSCHLAND: <a href=\"https:\/\/www.germansuzuki.de\/?page_id=10187\">German Suzuki Shop<\/a><\/strong><\/span><br \/>\n<\/span><\/h6>\n<h6 style=\"text-align: center;\"><span style=\"color: #000000;\"><strong>USA: <a style=\"color: #000000;\" href=\"http:\/\/www.sharmusic.com\" target=\"_blank\" rel=\"noopener\">www.sharmusic.com<\/a><\/strong><\/span><span style=\"color: #000080;\"><span style=\"color: #000000;\"><strong><br \/>\n<\/strong><\/span><\/span><span style=\"color: #000080;\"><strong><span style=\"color: #000000;\">EUROPA<\/span>:<\/strong> <a style=\"color: #000080;\" href=\"https:\/\/www.all-sheetmusic.com\/index.php?cl=search&amp;searchparam=wartberg\" target=\"_blank\" rel=\"noopener\">www.all-sheetmusic.com<br \/>\n<\/a><span style=\"color: #000000;\"><strong>GROSSBRITANNIEN:<\/strong><\/span> <a style=\"color: #000080;\" href=\"https:\/\/www.all-sheetmusic.com\/index.php?cl=search&amp;searchparam=wartberg\" target=\"_blank\" rel=\"noopener\">www.all-sheetmusic.com<\/a><strong><a style=\"color: #000080;\" href=\"https:\/\/www.all-sheetmusic.com\/index.php?cl=search&amp;searchparam=wartberg\" target=\"_blank\" rel=\"noopener\"><br \/>\n<\/a><\/strong><span style=\"color: #000000;\"><strong>FRANKREICH:<\/strong><\/span> <a style=\"color: #000080;\" href=\"https:\/\/www.partitions-musicales.net\/index.php?cl=search&amp;searchparam=wartberg\" target=\"_blank\" rel=\"noopener\">www.partitions-musicales.net<\/a><strong><a style=\"color: #000080;\" href=\"https:\/\/www.partitions-musicales.net\/index.php?cl=search&amp;searchparam=wartberg\" target=\"_blank\" rel=\"noopener\"><br \/>\n<\/a><\/strong><span style=\"color: #000000;\"><strong>ITALIEN: <\/strong><\/span><a style=\"color: #000080;\" href=\"https:\/\/www.partiture-musicali.com\/index.php?cl=search&amp;searchparam=wartberg\" target=\"_blank\" rel=\"noopener\">www.partiture-musicali.com<\/a><br \/>\n<\/span><span style=\"color: #000000;\"><strong><a style=\"color: #000000;\" href=\"https:\/\/crescendo-music.com\/nl\/\">Belgium: https:\/\/crescendo-music.com\/nl\/<\/a><\/strong><\/span><\/h6>\n<p style=\"text-align: center;\"><span style=\"color: #000000;\"><strong>F\u00fcr alle anderen L\u00e4nder <\/strong><\/span><span style=\"color: #000000;\"><strong>kontaktieren Sie bitte den Vertrieb von Shar:<\/strong><\/span> <strong><a href=\"mailto:sharserv@sharmusic.com\"><span style=\"color: #000080;\">sharserv@sharmusic.com<\/span><\/a><\/strong><span style=\"color: #000000;\"><strong><br \/>\noder<\/strong><\/span> <a href=\"https:\/\/www.all-sheetmusic.com\/?utm_source=affiliate&amp;utm_medium=link&amp;utm_campaign=suzuki\" target=\"_blank\" rel=\"noopener\"><strong><span style=\"color: #000080;\">www.all-sheetmusic.com<\/span><\/strong><\/a><\/p>\n<h3 style=\"text-align: center;\"><strong><span style=\"color: #993300;\">Europ\u00e4ischen Geigenlehrern<\/span> <\/strong><span style=\"color: #993300;\"><strong><span class=\"short_text\" lang=\"de\"><span class=\"alt-edited\">bieten <\/span><\/span><\/strong><\/span><strong><span class=\"short_text\" lang=\"de\"><span class=\"alt-edited\"><span style=\"color: #993300;\">wir<\/span> <\/span><\/span><\/strong><span style=\"color: #993300;\"><strong><span id=\"result_box\" class=\"short_text\" lang=\"de\"><span class=\"alt-edited\">erheblichen Rabatt bei gr\u00f6\u00dferen Bestellungen<\/span><\/span>!<\/strong><\/span><\/h3>\n<p style=\"text-align: center;\"><span style=\"color: #000000;\">Bitte wenden Sie sich per Email an uns:<\/span><br \/>\n<a href=\"mailto:dsi@imtex-online.com\"><span style=\"color: #000080;\"><b>dsi@imtex-online.com<\/b><\/span><\/a><\/p>\n<div class=\"n module-type-imageSubtitle diyfeLiveArea \"><\/div>\n[\/vc_column_text][\/vc_column][\/vc_row][vc_row type=&#8220;in_container&#8220; full_screen_row_position=&#8220;middle&#8220; bg_color=&#8220;#b0e2ff&#8220; scene_position=&#8220;center&#8220; text_color=&#8220;dark&#8220; text_align=&#8220;left&#8220; overlay_strength=&#8220;0.3&#8243; shape_divider_position=&#8220;bottom&#8220; shape_type=&#8220;&#8220;][vc_column column_padding=&#8220;no-extra-padding&#8220; column_padding_position=&#8220;all&#8220; background_color_opacity=&#8220;1&#8243; background_hover_color_opacity=&#8220;1&#8243; column_shadow=&#8220;none&#8220; column_border_radius=&#8220;none&#8220; width=&#8220;1\/1&#8243; tablet_text_alignment=&#8220;default&#8220; phone_text_alignment=&#8220;default&#8220; column_border_width=&#8220;none&#8220; column_border_style=&#8220;solid&#8220;][vc_column_text]\n<h2 style=\"padding-left: 30px;\"><span style=\"color: #000080;\">In K\u00fcrze erh\u00e4ltlich:<\/span><\/h2>\n<h4 style=\"padding-left: 30px;\"><span style=\"color: #000000;\">Die koreanische Ausgabe von &#8222;So macht Violintechnik Spa\u00df&#8220; mit Video-Anleitungen von <em>Ji Young Iliescu-Lee<\/em> &amp; <em>Florin Iliescu<\/em>, Konzertmeister des\u00a0Orchesters <em><b>Frankfurt Radio Symphony<\/b><\/em>.<\/span><\/h4>\n<h4 style=\"padding-left: 30px;\"><span style=\"color: #000000;\">Hier sind schon die ersten zwei Videos zum Thema <em>Vibrato<\/em> abrufbar:<\/span><\/h4>\n<h3 style=\"padding-left: 30px;\"><span style=\"color: #000000;\"><strong>\ud558\ub8e8<\/strong><strong> 12<\/strong><strong>\ubd84<\/strong> <strong>\ube44\ube0c\ub77c\ud1a0\uc5f0\uc2b5<\/strong> <\/span><strong><span style=\"color: #000000;\">\ub8e8\ud2f4<\/span><br \/>\n<\/strong><\/h3>\n<h4 style=\"padding-left: 30px;\"><span style=\"color: #000080;\"><strong>Um englische Untertitel zu sehen, klicken Sie bitte auf CC. Die \u00dcbersetzung aus dem Koreanischen ins Englische besorgten Eunjung Park &amp; David Kleesattel.<\/strong><\/span><\/h4>\n[\/vc_column_text][\/vc_column][\/vc_row][vc_row type=&#8220;in_container&#8220; full_screen_row_position=&#8220;middle&#8220; scene_position=&#8220;center&#8220; text_color=&#8220;dark&#8220; text_align=&#8220;left&#8220; overlay_strength=&#8220;0.3&#8243; shape_divider_position=&#8220;bottom&#8220;][vc_column column_padding=&#8220;no-extra-padding&#8220; column_padding_position=&#8220;all&#8220; background_color_opacity=&#8220;1&#8243; background_hover_color_opacity=&#8220;1&#8243; column_shadow=&#8220;none&#8220; column_border_radius=&#8220;none&#8220; width=&#8220;1\/2&#8243; tablet_text_alignment=&#8220;default&#8220; phone_text_alignment=&#8220;default&#8220; column_border_width=&#8220;none&#8220; column_border_style=&#8220;solid&#8220;][vc_video link=&#8220;https:\/\/www.youtube.com\/watch?v=JBYrTMkO-z4&amp;feature=youtu.be&#8220; el_width=&#8220;90&#8243;][\/vc_column][vc_column column_padding=&#8220;no-extra-padding&#8220; column_padding_position=&#8220;all&#8220; background_color_opacity=&#8220;1&#8243; background_hover_color_opacity=&#8220;1&#8243; column_shadow=&#8220;none&#8220; column_border_radius=&#8220;none&#8220; width=&#8220;1\/2&#8243; tablet_text_alignment=&#8220;default&#8220; phone_text_alignment=&#8220;default&#8220; column_border_width=&#8220;none&#8220; column_border_style=&#8220;solid&#8220;][vc_video link=&#8220;https:\/\/www.youtube.com\/watch?v=PeBgX697uJM&#8220; el_width=&#8220;90&#8243;][\/vc_column][\/vc_row]\n","protected":false},"excerpt":{"rendered":"<p>[vc_row type=&#8220;in_container&#8220; full_screen_row_position=&#8220;middle&#8220; scene_position=&#8220;center&#8220; text_color=&#8220;dark&#8220; text_align=&#8220;left&#8220; overlay_strength=&#8220;0.3&#8243; shape_divider_position=&#8220;bottom&#8220;][vc_column column_padding=&#8220;no-extra-padding&#8220; column_padding_position=&#8220;all&#8220; background_color_opacity=&#8220;1&#8243; background_hover_color_opacity=&#8220;1&#8243; column_shadow=&#8220;none&#8220; column_border_radius=&#8220;none&#8220; width=&#8220;1\/2&#8243; tablet_text_alignment=&#8220;default&#8220; phone_text_alignment=&#8220;default&#8220; column_border_width=&#8220;none&#8220; column_border_style=&#8220;solid&#8220;][vc_column_text] So macht Violintechnik Spa\u00df von Kerstin Wartberg Mittelstufe: Basis\u00fcbungen mit Klavier-Arrangements&#8230;<\/p>\n","protected":false},"author":2,"featured_media":0,"parent":0,"menu_order":8,"comment_status":"open","ping_status":"open","template":"","meta":[],"_links":{"self":[{"href":"https:\/\/www.germansuzuki.de\/index.php?rest_route=\/wp\/v2\/pages\/6716"}],"collection":[{"href":"https:\/\/www.germansuzuki.de\/index.php?rest_route=\/wp\/v2\/pages"}],"about":[{"href":"https:\/\/www.germansuzuki.de\/index.php?rest_route=\/wp\/v2\/types\/page"}],"author":[{"embeddable":true,"href":"https:\/\/www.germansuzuki.de\/index.php?rest_route=\/wp\/v2\/users\/2"}],"replies":[{"embeddable":true,"href":"https:\/\/www.germansuzuki.de\/index.php?rest_route=%2Fwp%2Fv2%2Fcomments&post=6716"}],"version-history":[{"count":49,"href":"https:\/\/www.germansuzuki.de\/index.php?rest_route=\/wp\/v2\/pages\/6716\/revisions"}],"predecessor-version":[{"id":7858,"href":"https:\/\/www.germansuzuki.de\/index.php?rest_route=\/wp\/v2\/pages\/6716\/revisions\/7858"}],"wp:attachment":[{"href":"https:\/\/www.germansuzuki.de\/index.php?rest_route=%2Fwp%2Fv2%2Fmedia&parent=6716"}],"curies":[{"name":"wp","href":"https:\/\/api.w.org\/{rel}","templated":true}]}}