{"id":525,"date":"2010-04-26T11:01:02","date_gmt":"2010-04-26T09:01:02","guid":{"rendered":"http:\/\/www.germansuzuki.com\/?page_id=525"},"modified":"2018-06-02T11:03:37","modified_gmt":"2018-06-02T09:03:37","slug":"mein-erstes-notenlesebuch","status":"publish","type":"page","link":"https:\/\/www.germansuzuki.de\/?page_id=525","title":{"rendered":"Mein erstes Notenlesebuch"},"content":{"rendered":"[vc_row type=&#8220;in_container&#8220; full_screen_row_position=&#8220;middle&#8220; scene_position=&#8220;center&#8220; text_color=&#8220;dark&#8220; text_align=&#8220;left&#8220; overlay_strength=&#8220;0.3&#8243; shape_divider_position=&#8220;bottom&#8220;][vc_column column_padding=&#8220;no-extra-padding&#8220; column_padding_position=&#8220;all&#8220; background_color_opacity=&#8220;1&#8243; background_hover_color_opacity=&#8220;1&#8243; column_shadow=&#8220;none&#8220; column_border_radius=&#8220;none&#8220; width=&#8220;1\/4&#8243; tablet_text_alignment=&#8220;default&#8220; phone_text_alignment=&#8220;default&#8220; column_border_width=&#8220;none&#8220; column_border_style=&#8220;solid&#8220;][vc_column_text]\n<div class=\"col span_12 dark left\">\n<div class=\"vc_col-sm-12 wpb_column column_container vc_column_container col no-extra-padding instance-0\" data-border-radius=\"none\" data-shadow=\"none\" data-border-animation=\"\" data-border-animation-delay=\"\" data-border-width=\"none\" data-border-style=\"solid\" data-border-color=\"\" data-bg-cover=\"\" data-padding-pos=\"all\" data-has-bg-color=\"false\" data-bg-color=\"\" data-bg-opacity=\"1\" data-hover-bg=\"\" data-hover-bg-opacity=\"1\" data-animation=\"\" data-delay=\"0\">\n<div class=\"vc_column-inner\">\n<div class=\"wpb_wrapper\">\n<div class=\"wpb_text_column wpb_content_element \">\n<div class=\"wpb_wrapper\">\n<h4><em><img decoding=\"async\" loading=\"lazy\" class=\" wp-image-7551 alignnone\" src=\"https:\/\/www.germansuzuki.de\/wp-content\/uploads\/2018\/06\/Notenlesebuch.jpg\" alt=\"\" width=\"257\" height=\"343\" srcset=\"https:\/\/www.germansuzuki.de\/wp-content\/uploads\/2018\/06\/Notenlesebuch.jpg 450w, https:\/\/www.germansuzuki.de\/wp-content\/uploads\/2018\/06\/Notenlesebuch-225x300.jpg 225w\" sizes=\"(max-width: 257px) 100vw, 257px\" \/><\/em><\/h4>\n<\/div>\n<\/div>\n<\/div>\n<\/div>\n<\/div>\n<\/div>\n[\/vc_column_text][\/vc_column][vc_column column_padding=&#8220;no-extra-padding&#8220; column_padding_position=&#8220;all&#8220; background_color_opacity=&#8220;1&#8243; background_hover_color_opacity=&#8220;1&#8243; column_shadow=&#8220;none&#8220; column_border_radius=&#8220;none&#8220; width=&#8220;3\/4&#8243; tablet_text_alignment=&#8220;default&#8220; phone_text_alignment=&#8220;default&#8220; column_border_width=&#8220;none&#8220; column_border_style=&#8220;solid&#8220;][vc_column_text]\n<div class=\"col span_12 dark left\">\n<div class=\"vc_col-sm-12 wpb_column column_container vc_column_container col no-extra-padding instance-0\" data-border-radius=\"none\" data-shadow=\"none\" data-border-animation=\"\" data-border-animation-delay=\"\" data-border-width=\"none\" data-border-style=\"solid\" data-border-color=\"\" data-bg-cover=\"\" data-padding-pos=\"all\" data-has-bg-color=\"false\" data-bg-color=\"\" data-bg-opacity=\"1\" data-hover-bg=\"\" data-hover-bg-opacity=\"1\" data-animation=\"\" data-delay=\"0\">\n<div class=\"vc_column-inner\">\n<div class=\"wpb_wrapper\">\n<div class=\"wpb_text_column wpb_content_element \">\n<h2><span style=\"color: #000080;\">Mein erstes Notenlesebuch<\/span><\/h2>\n<p><span style=\"color: #000000;\"><strong>Notenheft mit CD<br \/>\n<label>ISBN10:\u00a0\u00a0 <\/label>0739042327<br \/>\n<label>ISBN13:\u00a0\u00a0 <\/label>9780739042328<br \/>\nVerlag: Alfred Publications<br \/>\n<\/strong><\/span><\/p>\n<p class=\"wpb_wrapper\"><span style=\"color: #000000;\">Das erste Notenlesebuch mit zugeh\u00f6riger CD kann neben den \u00dcbungsheften Schritt f\u00fcr Schritt, aber auch neben jeder anderen Violinschule verwendet werden. Hier wird der junge Geigensch\u00fcler auf spielerische Weise Schritt f\u00fcr Schritt in die Grundlagen des Notenlesens und Blattspielens eingef\u00fchrt.<\/span><\/p>\n<\/div>\n<\/div>\n<\/div>\n<\/div>\n<\/div>\n<h4><span style=\"color: #000080;\"><strong>Lernziele dieses Heftes sind u.a.:<\/strong><\/span><\/h4>\n<p><span style=\"color: #000000;\">1. Beherrschung elementarer Rhythmen<\/span><br \/>\n<span style=\"color: #000000;\">2. Systematische Erarbeitung aller T\u00f6ne auf allen Saiten in der ersten Griffstellung<\/span><\/p>\n<h4><\/h4>\n<h4><\/h4>\n[\/vc_column_text][\/vc_column][\/vc_row][vc_row type=&#8220;in_container&#8220; full_screen_row_position=&#8220;middle&#8220; scene_position=&#8220;center&#8220; text_color=&#8220;dark&#8220; text_align=&#8220;left&#8220; overlay_strength=&#8220;0.3&#8243; shape_divider_position=&#8220;bottom&#8220;][vc_column column_padding=&#8220;no-extra-padding&#8220; column_padding_position=&#8220;all&#8220; background_color_opacity=&#8220;1&#8243; background_hover_color_opacity=&#8220;1&#8243; column_shadow=&#8220;none&#8220; column_border_radius=&#8220;none&#8220; width=&#8220;1\/4&#8243; tablet_text_alignment=&#8220;default&#8220; phone_text_alignment=&#8220;default&#8220; column_border_width=&#8220;none&#8220; column_border_style=&#8220;solid&#8220;][vc_column_text]<img decoding=\"async\" loading=\"lazy\" class=\"aligncenter size-large wp-image-3418\" src=\"https:\/\/en.germansuzuki.com\/wp-content\/uploads\/2018\/03\/Notenlesen_p.06-724x1024.jpg\" alt=\"\" width=\"724\" height=\"1024\" \/>[\/vc_column_text][\/vc_column][vc_column column_padding=&#8220;no-extra-padding&#8220; column_padding_position=&#8220;all&#8220; background_color_opacity=&#8220;1&#8243; background_hover_color_opacity=&#8220;1&#8243; column_shadow=&#8220;none&#8220; column_border_radius=&#8220;none&#8220; width=&#8220;1\/4&#8243; tablet_text_alignment=&#8220;default&#8220; phone_text_alignment=&#8220;default&#8220; column_border_width=&#8220;none&#8220; column_border_style=&#8220;solid&#8220;][vc_column_text]<img decoding=\"async\" loading=\"lazy\" class=\"aligncenter size-large wp-image-3419\" src=\"https:\/\/en.germansuzuki.com\/wp-content\/uploads\/2018\/03\/Notenlesen_p.10-724x1024.jpg\" alt=\"\" width=\"724\" height=\"1024\" \/>[\/vc_column_text][\/vc_column][vc_column column_padding=&#8220;no-extra-padding&#8220; column_padding_position=&#8220;all&#8220; background_color_opacity=&#8220;1&#8243; background_hover_color_opacity=&#8220;1&#8243; column_shadow=&#8220;none&#8220; column_border_radius=&#8220;none&#8220; width=&#8220;1\/4&#8243; tablet_text_alignment=&#8220;default&#8220; phone_text_alignment=&#8220;default&#8220; column_border_width=&#8220;none&#8220; column_border_style=&#8220;solid&#8220;][vc_column_text]<img decoding=\"async\" loading=\"lazy\" class=\"aligncenter size-large wp-image-3420\" src=\"https:\/\/en.germansuzuki.com\/wp-content\/uploads\/2018\/03\/Notenlesen_p.14-724x1024.jpg\" alt=\"\" width=\"724\" height=\"1024\" \/>[\/vc_column_text][\/vc_column][vc_column column_padding=&#8220;no-extra-padding&#8220; column_padding_position=&#8220;all&#8220; background_color_opacity=&#8220;1&#8243; background_hover_color_opacity=&#8220;1&#8243; column_shadow=&#8220;none&#8220; column_border_radius=&#8220;none&#8220; width=&#8220;1\/4&#8243; tablet_text_alignment=&#8220;default&#8220; phone_text_alignment=&#8220;default&#8220; column_border_width=&#8220;none&#8220; column_border_style=&#8220;solid&#8220;][vc_column_text]<img decoding=\"async\" loading=\"lazy\" class=\"aligncenter size-large wp-image-3421\" src=\"https:\/\/en.germansuzuki.com\/wp-content\/uploads\/2018\/03\/Notenlesen_p.12-724x1024.jpg\" alt=\"\" width=\"724\" height=\"1024\" \/>[\/vc_column_text][\/vc_column][\/vc_row][vc_row type=&#8220;in_container&#8220; full_screen_row_position=&#8220;middle&#8220; scene_position=&#8220;center&#8220; text_color=&#8220;dark&#8220; text_align=&#8220;left&#8220; overlay_strength=&#8220;0.3&#8243; shape_divider_position=&#8220;bottom&#8220;][vc_column column_padding=&#8220;no-extra-padding&#8220; column_padding_position=&#8220;all&#8220; background_color_opacity=&#8220;1&#8243; background_hover_color_opacity=&#8220;1&#8243; column_shadow=&#8220;none&#8220; column_border_radius=&#8220;none&#8220; width=&#8220;1\/1&#8243; tablet_text_alignment=&#8220;default&#8220; phone_text_alignment=&#8220;default&#8220; column_border_width=&#8220;none&#8220; column_border_style=&#8220;solid&#8220;][vc_column_text]\n<div class=\"col span_12 dark left\">\n<div class=\"vc_col-sm-12 wpb_column column_container vc_column_container col no-extra-padding instance-0\" data-border-radius=\"none\" data-shadow=\"none\" data-border-animation=\"\" data-border-animation-delay=\"\" data-border-width=\"none\" data-border-style=\"solid\" data-border-color=\"\" data-bg-cover=\"\" data-padding-pos=\"all\" data-has-bg-color=\"false\" data-bg-color=\"\" data-bg-opacity=\"1\" data-hover-bg=\"\" data-hover-bg-opacity=\"1\" data-animation=\"\" data-delay=\"0\">\n<div class=\"vc_column-inner\">\n<div class=\"wpb_wrapper\">\n<div class=\"wpb_text_column wpb_content_element \">\n<div class=\"wpb_wrapper\">\n<h3><span style=\"color: #000080;\"><strong>Das Notenlesebuch ist in vier Lernabschnitte aufgeteilt:<\/strong><\/span><\/h3>\n<p><span style=\"color: #000080;\"><strong>1. Sprech-, Klatsch- und Bewegungsspiele<\/strong><\/span><br \/>\n<span style=\"color: #000000;\">Im ersten Teil des Buches werden elementare Notenwerte vorgestellt. Alle Rhythmen sind mit Trommel und Klavier auf der zugeh\u00f6rigen CD eingespielt und regen die Kinder an, den Puls durch Sprech-, Klatsch- und Bewegungsspiele ganz lebendig in sich aufzunehmen. Die hier vorgestellten Rhythmen bilden die Grundlage f\u00fcr die weiteren Kapitel.<\/span><\/p>\n<p><span style=\"color: #000080;\"><strong>2. Mal- und Schreibspiele, Notenr\u00e4tsel<\/strong><\/span><br \/>\n<span style=\"color: #000000;\">Zwischen kurzen, leicht verst\u00e4ndlichen \u00dcbungen sind zahl-reiche Mal- und Schreibspiele sowie Notenr\u00e4tsel zu finden, die zum einen sehr unterhaltsam sind und zum anderen den Kinder einen interessanten Einstieg in das Notenlesen und -schreiben geben. Die Aufl\u00f6sungen der R\u00e4tsel sind auf den letzten beiden Seiten abgedruckt.<\/span><br \/>\n<span style=\"color: #000000;\">Damit das Notenlesebuch eine ganz pers\u00f6nliche Note bekommt, k\u00f6nnen alle Bilder ausgemalt werden.<\/span><\/p>\n<p><span style=\"color: #000080;\"><strong>3. Notenlese\u00fcbungen mit und ohne Instrument<\/strong><\/span><br \/>\n<span style=\"color: #000000;\">In diesem Heft werden alle Noten in der ersten Griffstellung erlernt und systematisch ge\u00fcbt. Die Vorzeichen sind zwar bei allen kurzen Liedchen aufgef\u00fchrt. Ihre Bedeutung wird aber erst im n\u00e4chsten Heft erkl\u00e4rt.<\/span><br \/>\n<span style=\"color: #000000;\">In der Erarbeitungsphase werden folgende Lernschritte f\u00fcr die Lieder im F\u00fcnftonraum empfohlen:<\/span><\/p>\n<p><span style=\"color: #000000;\"><em>a) Genaues Anschauen des kurzen Notentextes<\/em><\/span><br \/>\n<span style=\"color: #000000;\"><em>b) Singen mit dem Rhythmustext<\/em><\/span><br \/>\n<span style=\"color: #000000;\"><em>c) Singen mit der Fingerzahl<\/em><\/span><br \/>\n<span style=\"color: #000000;\"><em>d) Singen mit den Notennamen<\/em><\/span><br \/>\n<span style=\"color: #000000;\"><em>e) Zupfen<\/em><\/span><br \/>\n<span style=\"color: #000000;\"><em>f) Greifen und streichen<\/em><\/span><br \/>\n<span style=\"color: #000000;\"><em>g) Spielen mit der Begleit-CD<\/em><\/span><\/p>\n<p><span style=\"color: #000000;\">Die Klavierarrangements auf der Begleit-CD sind bewu\u00dft einfach gehalten, um die Konzentration uneingeschr\u00e4nkt auf das Erlernen der Tonh\u00f6hen zu lenken. Jede kleine \u00dcbung hat ein Vorspiel von zwei Takten, in dem schon der neue Lernschritt musikalisch angek\u00fcndigt wird.<\/span><\/p>\n<p><span style=\"color: #000080;\"><strong>4. Blattspieltraining<\/strong><\/span><br \/>\n<span style=\"color: #000000;\">Nach einer gr\u00fcndlichen Erarbeitungsphase sollen immer mehr Liedchen hintereinander mit CD-Begleitung gespielt werden, bis das Kind am Ende alle 48 St\u00fccke im Block spielen kann.<\/span><\/p>\n<\/div>\n<\/div>\n<\/div>\n<\/div>\n<\/div>\n<\/div>\n[\/vc_column_text][\/vc_column][\/vc_row][vc_row type=&#8220;in_container&#8220; full_screen_row_position=&#8220;middle&#8220; scene_position=&#8220;center&#8220; text_color=&#8220;dark&#8220; text_align=&#8220;left&#8220; overlay_strength=&#8220;0.3&#8243; shape_divider_position=&#8220;bottom&#8220;][vc_column column_padding=&#8220;no-extra-padding&#8220; column_padding_position=&#8220;all&#8220; background_color_opacity=&#8220;1&#8243; background_hover_color_opacity=&#8220;1&#8243; column_shadow=&#8220;none&#8220; column_border_radius=&#8220;none&#8220; width=&#8220;1\/3&#8243; tablet_text_alignment=&#8220;default&#8220; phone_text_alignment=&#8220;default&#8220; column_border_width=&#8220;none&#8220; column_border_style=&#8220;solid&#8220;][vc_column_text]<img decoding=\"async\" loading=\"lazy\" class=\"aligncenter size-large wp-image-3413\" src=\"https:\/\/en.germansuzuki.com\/wp-content\/uploads\/2018\/03\/Notenlesen_p.20-724x1024.jpg\" alt=\"\" width=\"724\" height=\"1024\" \/>[\/vc_column_text][\/vc_column][vc_column column_padding=&#8220;no-extra-padding&#8220; column_padding_position=&#8220;all&#8220; background_color_opacity=&#8220;1&#8243; background_hover_color_opacity=&#8220;1&#8243; column_shadow=&#8220;none&#8220; column_border_radius=&#8220;none&#8220; width=&#8220;1\/3&#8243; tablet_text_alignment=&#8220;default&#8220; phone_text_alignment=&#8220;default&#8220; column_border_width=&#8220;none&#8220; column_border_style=&#8220;solid&#8220;][vc_column_text]<img decoding=\"async\" loading=\"lazy\" class=\"aligncenter size-large wp-image-3414\" src=\"https:\/\/en.germansuzuki.com\/wp-content\/uploads\/2018\/03\/Notenlesen_p.27-724x1024.jpg\" alt=\"\" width=\"724\" height=\"1024\" \/>[\/vc_column_text][\/vc_column][vc_column column_padding=&#8220;no-extra-padding&#8220; column_padding_position=&#8220;all&#8220; background_color_opacity=&#8220;1&#8243; background_hover_color_opacity=&#8220;1&#8243; column_shadow=&#8220;none&#8220; column_border_radius=&#8220;none&#8220; width=&#8220;1\/3&#8243; tablet_text_alignment=&#8220;default&#8220; phone_text_alignment=&#8220;default&#8220; column_border_width=&#8220;none&#8220; column_border_style=&#8220;solid&#8220;][vc_column_text]<img decoding=\"async\" loading=\"lazy\" class=\"size-large wp-image-3415 aligncenter\" src=\"https:\/\/en.germansuzuki.com\/wp-content\/uploads\/2018\/03\/Notenlesen_p.42-724x1024.jpg\" alt=\"\" width=\"724\" height=\"1024\" \/>[\/vc_column_text][\/vc_column][\/vc_row][vc_row type=&#8220;in_container&#8220; full_screen_row_position=&#8220;middle&#8220; scene_position=&#8220;center&#8220; text_color=&#8220;dark&#8220; text_align=&#8220;left&#8220; overlay_strength=&#8220;0.3&#8243; shape_divider_position=&#8220;bottom&#8220;][vc_column column_padding=&#8220;no-extra-padding&#8220; column_padding_position=&#8220;all&#8220; background_color_opacity=&#8220;1&#8243; background_hover_color_opacity=&#8220;1&#8243; column_shadow=&#8220;none&#8220; column_border_radius=&#8220;none&#8220; width=&#8220;1\/1&#8243; tablet_text_alignment=&#8220;default&#8220; phone_text_alignment=&#8220;default&#8220; column_border_width=&#8220;none&#8220; column_border_style=&#8220;solid&#8220;][vc_column_text]\n<h3><span style=\"color: #000000;\">Bestellm\u00f6glichkeiten<\/span><\/h3>\n<h6><span style=\"color: #000000;\"><strong>Deutschland:<\/strong><\/span> <span style=\"color: #000080;\"><a style=\"color: #000080;\" href=\"https:\/\/www.istex-group.net\/bookshop\/Wartberg-Noten-CDs\/Wartberg-Mein-erstes-Notenlesebuch.html\">http:\/\/www.germansuzukishop.de<\/a><\/span><a href=\"http:\/\/www.germansuzukishop.de\"><br \/>\n<\/a><strong><span style=\"color: #000000;\">USA<\/span>: <\/strong><a href=\"https:\/\/www.bookdepository.com\/search?searchTerm=kerstin%20wartberg&amp;search=Find+book\" target=\"_blank\" rel=\"noopener\"><span style=\"color: #000080;\">https:\/\/www.bookdepository.com\/<\/span><br \/>\n<\/a><strong><span style=\"color: #000000;\">EUROPA<\/span>:<\/strong> <a href=\"https:\/\/www.all-sheetmusic.com\/index.php?cl=search&amp;searchparam=wartberg\" target=\"_blank\" rel=\"noopener\"><span style=\"color: #000080;\">www.all-sheetmusic.com<\/span><br \/>\n<\/a><span style=\"color: #000000;\"><strong>ENGLAND:<\/strong><\/span> <span style=\"color: #000080;\"><a style=\"color: #000080;\" href=\"https:\/\/www.all-sheetmusic.com\/index.php?cl=search&amp;searchparam=wartberg\" target=\"_blank\" rel=\"noopener\">www.all-sheetmusic.com<\/a><\/span><strong><a href=\"https:\/\/www.all-sheetmusic.com\/index.php?cl=search&amp;searchparam=wartberg\" target=\"_blank\" rel=\"noopener\"><br \/>\n<\/a><\/strong><span style=\"color: #000000;\"><strong>FRANKREICH:<\/strong><\/span> <span style=\"color: #000080;\"><a style=\"color: #000080;\" href=\"https:\/\/www.partitions-musicales.net\/index.php?cl=search&amp;searchparam=wartberg\" target=\"_blank\" rel=\"noopener\">www.partitions-musicales.net<\/a><\/span><strong><a href=\"https:\/\/www.partitions-musicales.net\/index.php?cl=search&amp;searchparam=wartberg\" target=\"_blank\" rel=\"noopener\"><br \/>\n<\/a><\/strong><span style=\"color: #000000;\"><strong>ITALIEN: <\/strong><\/span><a href=\"https:\/\/www.partiture-musicali.com\/index.php?cl=search&amp;searchparam=wartberg\" target=\"_blank\" rel=\"noopener\"><span style=\"color: #000080;\">www.partiture-musicali.com<\/span><\/a><\/h6>\n<h6><strong>Alle anderen L\u00e4nder: <\/strong><span style=\"color: #000080;\"><a style=\"color: #000080;\" href=\"https:\/\/www.bookdepository.com\/search?searchTerm=Kerstin+Wartberg&amp;search=Find+book\" target=\"_blank\" rel=\"noopener\">https:\/\/www.bookdepository.com\/ <\/a><\/span><\/h6>\n[\/vc_column_text][\/vc_column][\/vc_row]\n","protected":false},"excerpt":{"rendered":"<p>[vc_row type=&#8220;in_container&#8220; full_screen_row_position=&#8220;middle&#8220; scene_position=&#8220;center&#8220; text_color=&#8220;dark&#8220; text_align=&#8220;left&#8220; overlay_strength=&#8220;0.3&#8243; shape_divider_position=&#8220;bottom&#8220;][vc_column column_padding=&#8220;no-extra-padding&#8220; column_padding_position=&#8220;all&#8220; background_color_opacity=&#8220;1&#8243; background_hover_color_opacity=&#8220;1&#8243; column_shadow=&#8220;none&#8220; column_border_radius=&#8220;none&#8220; width=&#8220;1\/4&#8243; tablet_text_alignment=&#8220;default&#8220; phone_text_alignment=&#8220;default&#8220; column_border_width=&#8220;none&#8220; column_border_style=&#8220;solid&#8220;][vc_column_text] [\/vc_column_text][\/vc_column][vc_column column_padding=&#8220;no-extra-padding&#8220; column_padding_position=&#8220;all&#8220; background_color_opacity=&#8220;1&#8243; background_hover_color_opacity=&#8220;1&#8243; column_shadow=&#8220;none&#8220; column_border_radius=&#8220;none&#8220; width=&#8220;3\/4&#8243; tablet_text_alignment=&#8220;default&#8220; phone_text_alignment=&#8220;default&#8220; column_border_width=&#8220;none&#8220;&#8230;<\/p>\n","protected":false},"author":2,"featured_media":0,"parent":0,"menu_order":4,"comment_status":"closed","ping_status":"closed","template":"","meta":[],"_links":{"self":[{"href":"https:\/\/www.germansuzuki.de\/index.php?rest_route=\/wp\/v2\/pages\/525"}],"collection":[{"href":"https:\/\/www.germansuzuki.de\/index.php?rest_route=\/wp\/v2\/pages"}],"about":[{"href":"https:\/\/www.germansuzuki.de\/index.php?rest_route=\/wp\/v2\/types\/page"}],"author":[{"embeddable":true,"href":"https:\/\/www.germansuzuki.de\/index.php?rest_route=\/wp\/v2\/users\/2"}],"replies":[{"embeddable":true,"href":"https:\/\/www.germansuzuki.de\/index.php?rest_route=%2Fwp%2Fv2%2Fcomments&post=525"}],"version-history":[{"count":36,"href":"https:\/\/www.germansuzuki.de\/index.php?rest_route=\/wp\/v2\/pages\/525\/revisions"}],"predecessor-version":[{"id":7564,"href":"https:\/\/www.germansuzuki.de\/index.php?rest_route=\/wp\/v2\/pages\/525\/revisions\/7564"}],"wp:attachment":[{"href":"https:\/\/www.germansuzuki.de\/index.php?rest_route=%2Fwp%2Fv2%2Fmedia&parent=525"}],"curies":[{"name":"wp","href":"https:\/\/api.w.org\/{rel}","templated":true}]}}