{"id":451,"date":"2010-04-25T16:06:22","date_gmt":"2010-04-25T14:06:22","guid":{"rendered":"http:\/\/www.germansuzuki.com\/?page_id=451"},"modified":"2023-12-13T16:09:03","modified_gmt":"2023-12-13T14:09:03","slug":"mitgliedschaft","status":"publish","type":"page","link":"https:\/\/www.germansuzuki.de\/?page_id=451","title":{"rendered":"Mitgliedschaft"},"content":{"rendered":"<h3><span style=\"color: #000080;\">Wozu verwenden wir Ihren Mitgliedsbeitrag?<\/span><\/h3>\n<h3 style=\"padding-left: 240px; text-align: left;\"><span style=\"color: #333333;\"><em><em>Welche Vorteile haben Sie davon?<\/em><\/em><\/span><\/h3>\n<p>&nbsp;<\/p>\n<ul style=\"text-align: left;\">\n<li><span style=\"color: #000080;\"><strong>F\u00fcr die inhaltliche, organisatorische und praktische Arbeit im Bereich der Suzuki-Methode<\/strong><\/span><\/li>\n<\/ul>\n<p style=\"padding-left: 240px; text-align: left;\"><strong><em>Die Gewissheit, eine ideelle Aufgabe zu unterst\u00fctzen, die der n\u00e4chsten Generation kulturelle und \u00fcbergeordnete Werte vermitteln kann<\/em><\/strong><\/p>\n<ul style=\"text-align: left;\">\n<li><span style=\"color: #000080;\"><strong>F\u00fcr die Ausbildung von Instrumentallehrern zu gepr\u00fcften Suzuki-Lehrern<\/strong><\/span><\/li>\n<\/ul>\n<p style=\"padding-left: 240px; text-align: left;\"><strong><em>Die M\u00f6glichkeit, Ihr Kind von einem besonders qualifizierten Lehrer unterrichten zu lassen<\/em><\/strong><\/p>\n<ul style=\"text-align: left;\">\n<li><span style=\"color: #000080;\"><strong>F\u00fcr die Vorbereitung und Durchf\u00fchrung von Konzerten und Workshops<\/strong><\/span><\/li>\n<\/ul>\n<p style=\"padding-left: 240px; text-align: left;\"><strong><em>Die Teilnahmem\u00f6glichkeit zu einem erm\u00e4\u00dfigten Mitgliederpreis<\/em><\/strong><\/p>\n<ul style=\"text-align: left;\">\n<li><span style=\"color: #000080;\"><strong>F\u00fcr die Versendung von Informationen an unsere Mitglieder<\/strong><\/span><\/li>\n<\/ul>\n<p style=\"padding-left: 240px; text-align: left;\"><strong><em>Eine \u00dcbersicht \u00fcber Veranstaltungen f\u00fcr Kinder, Eltern und Lehrer, Anregungen und Tipps<\/em><\/strong><\/p>\n<ul style=\"text-align: left;\">\n<li><span style=\"color: #000080;\"><strong>F\u00fcr div. B\u00fcroarbeiten, u.a. f\u00fcr die Bereitstellung einer st\u00e4ndig aktualisierten Lehrerliste im deutschsprachigen Raum<\/strong><\/span><\/li>\n<\/ul>\n<p style=\"padding-left: 240px; text-align: left;\"><strong><em>Wenn Sie umziehen, versuchen wir, Ihnen einen ausgebildeten Suzuki-Lehrer in Ihrer Umgebung zu vermitteln.<\/em><\/strong><\/p>\n<ul style=\"text-align: left;\">\n<li><span style=\"color: #000080;\"><strong>F\u00fcr die Entwicklung neuer Unterrichtsmaterialien<\/strong><\/span><\/li>\n<\/ul>\n<p style=\"padding-left: 240px; text-align: left;\"><strong><em>Sie haben die M\u00f6glichkeit, von der fachlichen Weiterentwicklung im deutschsprachigen Raum zu profitieren.<\/em><\/strong><\/p>\n<ul>\n<li style=\"text-align: left;\"><span style=\"color: #000080;\"><strong>F\u00fcr den inhaltlichen und organisatorischen Austausch mit der europ\u00e4ischen und der internationalen Suzuki-Gesellschaft<\/strong><\/span><\/li>\n<\/ul>\n<p style=\"padding-left: 240px; text-align: left;\"><strong><em>Teilnahme an Veranstaltungen in anderen europ\u00e4ischen L\u00e4ndern, den USA, Australien und Japan; weltweite Kontaktm\u00f6glichkeiten im musikp\u00e4dagogischen Bereich<\/em><\/strong><\/p>\n<p style=\"padding-left: 240px; text-align: left;\"><strong><em>\u00a0<\/em><\/strong><\/p>\n<h3><a href=\"https:\/\/www.germansuzuki.de\/wp-content\/uploads\/2023\/12\/Aufnahmeantrag-2024.pdf\"><strong><span style=\"color: #003366;\">Beitrittsformular herunterladen<\/span><\/strong><\/a><\/h3>\n<p><span style=\"color: #000000;\"><strong>Weitere Fragen? Bitte wenden Sie sich bitte an<\/strong><\/span><\/p>\n<p><a href=\"https:\/\/www.germansuzuki.de\/?page_id=2025\"><span style=\"color: #000080;\">Stefan Kalkbrenner<\/span><\/a><br \/>\n<span style=\"color: #000000;\">Sekretariat<\/span><br \/>\n<span style=\"color: #000000;\"><strong>Deutsche Suzuki Gesellschaft e.V. (DSG)<\/strong><\/span><br \/>\n<span style=\"color: #000000;\"><i>Gegr\u00fcndet im Jahre 1983 auf Initiative von Prof. Dr. Shinichi Suzuki<\/i><\/span><\/p>\n<p><span style=\"color: #000000;\"><strong>Postanschrift Sekretariat<\/strong>: Postfach 18 66, D-24017 Kiel<\/span><br \/>\n<span style=\"color: #000000;\"><strong>Vereinssitz<\/strong>: Ankerstra\u00dfe 34, D-53757 Sankt Augustin<\/span><\/p>\n<p><span style=\"color: #000080;\"><a style=\"color: #000080;\" href=\"http:\/\/www.germansuzuki.com\/\" target=\"_blank\" rel=\"noopener\">www.germansuzuki.com<\/a><\/span><br \/>\n<span style=\"color: #000000;\"><a style=\"color: #000000;\" href=\"mailto:info@germansuzuki.com\" target=\"_blank\" rel=\"noopener\"><span style=\"color: #000080;\">info@germansuzuki.com<\/span><\/a><\/span><\/p>\n","protected":false},"excerpt":{"rendered":"<p>Wozu verwenden wir Ihren Mitgliedsbeitrag? Welche Vorteile haben Sie davon? &nbsp; F\u00fcr die inhaltliche, organisatorische und praktische Arbeit im Bereich der Suzuki-Methode Die Gewissheit, eine ideelle Aufgabe zu unterst\u00fctzen, die&#8230;<\/p>\n","protected":false},"author":2,"featured_media":0,"parent":1358,"menu_order":6,"comment_status":"closed","ping_status":"closed","template":"","meta":[],"_links":{"self":[{"href":"https:\/\/www.germansuzuki.de\/index.php?rest_route=\/wp\/v2\/pages\/451"}],"collection":[{"href":"https:\/\/www.germansuzuki.de\/index.php?rest_route=\/wp\/v2\/pages"}],"about":[{"href":"https:\/\/www.germansuzuki.de\/index.php?rest_route=\/wp\/v2\/types\/page"}],"author":[{"embeddable":true,"href":"https:\/\/www.germansuzuki.de\/index.php?rest_route=\/wp\/v2\/users\/2"}],"replies":[{"embeddable":true,"href":"https:\/\/www.germansuzuki.de\/index.php?rest_route=%2Fwp%2Fv2%2Fcomments&post=451"}],"version-history":[{"count":48,"href":"https:\/\/www.germansuzuki.de\/index.php?rest_route=\/wp\/v2\/pages\/451\/revisions"}],"predecessor-version":[{"id":10670,"href":"https:\/\/www.germansuzuki.de\/index.php?rest_route=\/wp\/v2\/pages\/451\/revisions\/10670"}],"up":[{"embeddable":true,"href":"https:\/\/www.germansuzuki.de\/index.php?rest_route=\/wp\/v2\/pages\/1358"}],"wp:attachment":[{"href":"https:\/\/www.germansuzuki.de\/index.php?rest_route=%2Fwp%2Fv2%2Fmedia&parent=451"}],"curies":[{"name":"wp","href":"https:\/\/api.w.org\/{rel}","templated":true}]}}