{"id":3476,"date":"2012-04-29T19:08:36","date_gmt":"2012-04-29T17:08:36","guid":{"rendered":"http:\/\/www.germansuzuki.com\/?page_id=3476"},"modified":"2018-06-05T08:43:12","modified_gmt":"2018-06-05T06:43:12","slug":"lehrerlisten","status":"publish","type":"page","link":"https:\/\/www.germansuzuki.de\/?page_id=3476","title":{"rendered":"Lehrerlisten"},"content":{"rendered":"[vc_row type=&#8220;in_container&#8220; full_screen_row_position=&#8220;middle&#8220; scene_position=&#8220;center&#8220; text_color=&#8220;dark&#8220; text_align=&#8220;left&#8220; overlay_strength=&#8220;0.3&#8243; shape_divider_position=&#8220;bottom&#8220;][vc_column column_padding=&#8220;no-extra-padding&#8220; column_padding_position=&#8220;all&#8220; background_color_opacity=&#8220;1&#8243; background_hover_color_opacity=&#8220;1&#8243; column_shadow=&#8220;none&#8220; column_border_radius=&#8220;none&#8220; width=&#8220;2\/3&#8243; tablet_text_alignment=&#8220;default&#8220; phone_text_alignment=&#8220;default&#8220; column_border_width=&#8220;none&#8220; column_border_style=&#8220;solid&#8220;][vc_column_text]\n<h2><span style=\"color: #000080;\"><em>Sie suchen einen Suzuki-Lehrer in Ihrer N\u00e4he?<\/em><\/span><\/h2>\n<blockquote>\n<h2><span style=\"color: #000080;\"><br \/>\nHier<\/span><\/h2>\n<p><span style=\"color: #000000;\"><strong>k\u00f6nnen Sie sich <span style=\"color: #000080;\">zuk\u00fcnftig<\/span> die Liste der bei der Deutschen Suzuki Gesellschaft registrierten Lehrkr\u00e4fte f\u00fcr Violine, Viola, Cello, Harfe, Blockfl\u00f6te, Querfl\u00f6te, Klavier und CML \/ Rhythmik herunterladen, insoweit die Lehrer den neuen Europ\u00e4ischen Datenschutzverordnungen zugestimmt haben.<\/strong><\/span><\/p>\n<p><span style=\"color: #000000;\"><strong>Bis dahin richten Sie bitte Ihre Anfragen per Email (<span style=\"color: #000080;\">info@germansuzuki.com<\/span>) an die DSG. Wir werden Ihnen dann im Einvernehmen mit den betreffenden Lehrern die entsprechenden Informationen \u00fcbermitteln.<\/strong><\/span><\/p><\/blockquote>\n[\/vc_column_text][\/vc_column][vc_column column_padding=&#8220;no-extra-padding&#8220; column_padding_position=&#8220;all&#8220; background_color_opacity=&#8220;1&#8243; background_hover_color_opacity=&#8220;1&#8243; column_shadow=&#8220;none&#8220; column_border_radius=&#8220;none&#8220; width=&#8220;1\/3&#8243; tablet_text_alignment=&#8220;default&#8220; phone_text_alignment=&#8220;default&#8220; column_border_width=&#8220;none&#8220; column_border_style=&#8220;solid&#8220;][vc_column_text]<img decoding=\"async\" loading=\"lazy\" class=\"aligncenter size-large wp-image-7696\" src=\"https:\/\/www.germansuzuki.de\/wp-content\/uploads\/2018\/06\/Datenschutz_blau-904x1024.jpg\" alt=\"\" width=\"904\" height=\"1024\" srcset=\"https:\/\/www.germansuzuki.de\/wp-content\/uploads\/2018\/06\/Datenschutz_blau-904x1024.jpg 904w, https:\/\/www.germansuzuki.de\/wp-content\/uploads\/2018\/06\/Datenschutz_blau-265x300.jpg 265w, https:\/\/www.germansuzuki.de\/wp-content\/uploads\/2018\/06\/Datenschutz_blau-768x870.jpg 768w, https:\/\/www.germansuzuki.de\/wp-content\/uploads\/2018\/06\/Datenschutz_blau.jpg 1110w\" sizes=\"(max-width: 904px) 100vw, 904px\" \/>[\/vc_column_text][\/vc_column][\/vc_row]\n","protected":false},"excerpt":{"rendered":"<p>[vc_row type=&#8220;in_container&#8220; full_screen_row_position=&#8220;middle&#8220; scene_position=&#8220;center&#8220; text_color=&#8220;dark&#8220; text_align=&#8220;left&#8220; overlay_strength=&#8220;0.3&#8243; shape_divider_position=&#8220;bottom&#8220;][vc_column column_padding=&#8220;no-extra-padding&#8220; column_padding_position=&#8220;all&#8220; background_color_opacity=&#8220;1&#8243; background_hover_color_opacity=&#8220;1&#8243; column_shadow=&#8220;none&#8220; column_border_radius=&#8220;none&#8220; width=&#8220;2\/3&#8243; tablet_text_alignment=&#8220;default&#8220; phone_text_alignment=&#8220;default&#8220; column_border_width=&#8220;none&#8220; column_border_style=&#8220;solid&#8220;][vc_column_text] Sie suchen einen Suzuki-Lehrer in Ihrer N\u00e4he? Hier k\u00f6nnen Sie sich&#8230;<\/p>\n","protected":false},"author":2,"featured_media":0,"parent":0,"menu_order":0,"comment_status":"open","ping_status":"open","template":"","meta":[],"_links":{"self":[{"href":"https:\/\/www.germansuzuki.de\/index.php?rest_route=\/wp\/v2\/pages\/3476"}],"collection":[{"href":"https:\/\/www.germansuzuki.de\/index.php?rest_route=\/wp\/v2\/pages"}],"about":[{"href":"https:\/\/www.germansuzuki.de\/index.php?rest_route=\/wp\/v2\/types\/page"}],"author":[{"embeddable":true,"href":"https:\/\/www.germansuzuki.de\/index.php?rest_route=\/wp\/v2\/users\/2"}],"replies":[{"embeddable":true,"href":"https:\/\/www.germansuzuki.de\/index.php?rest_route=%2Fwp%2Fv2%2Fcomments&post=3476"}],"version-history":[{"count":39,"href":"https:\/\/www.germansuzuki.de\/index.php?rest_route=\/wp\/v2\/pages\/3476\/revisions"}],"predecessor-version":[{"id":7935,"href":"https:\/\/www.germansuzuki.de\/index.php?rest_route=\/wp\/v2\/pages\/3476\/revisions\/7935"}],"wp:attachment":[{"href":"https:\/\/www.germansuzuki.de\/index.php?rest_route=%2Fwp%2Fv2%2Fmedia&parent=3476"}],"curies":[{"name":"wp","href":"https:\/\/api.w.org\/{rel}","templated":true}]}}