{"id":3025,"date":"2012-01-29T21:20:20","date_gmt":"2012-01-29T19:20:20","guid":{"rendered":"http:\/\/www.germansuzuki.com\/?page_id=3025"},"modified":"2024-02-07T21:28:41","modified_gmt":"2024-02-07T19:28:41","slug":"vorspiel-training-band-2","status":"publish","type":"page","link":"https:\/\/www.germansuzuki.de\/?page_id=3025","title":{"rendered":"Vorspiel-Training, Band 2"},"content":{"rendered":"[vc_row type=&#8220;in_container&#8220; full_screen_row_position=&#8220;middle&#8220; scene_position=&#8220;center&#8220; text_color=&#8220;dark&#8220; text_align=&#8220;left&#8220; overlay_strength=&#8220;0.3&#8243; shape_divider_position=&#8220;bottom&#8220;][vc_column column_padding=&#8220;no-extra-padding&#8220; column_padding_position=&#8220;all&#8220; background_color_opacity=&#8220;1&#8243; background_hover_color_opacity=&#8220;1&#8243; column_shadow=&#8220;none&#8220; column_border_radius=&#8220;none&#8220; width=&#8220;1\/2&#8243; tablet_text_alignment=&#8220;default&#8220; phone_text_alignment=&#8220;default&#8220; column_border_width=&#8220;none&#8220; column_border_style=&#8220;solid&#8220;][vc_column_text]\n<h2><span style=\"color: #000080;\">Vorspiel-Training, Band 2<\/span><\/h2>\n<h3><span style=\"color: #000000;\">\u00dcbungsmaterial f\u00fcr Suzuki-Sch\u00fcler in Heft 5 und Violinsch\u00fcler der Mittelstufe<\/span><\/h3>\n<h3><span style=\"color: #000000;\">Edition Peters (EP 11292)<\/span><\/h3>\n<p><span style=\"color: #000000;\">Die Reihe <strong>VORSPIEL-TRAINING <\/strong>umfa\u00dft insgesamt drei Repertoirehefte.<strong> Zu jedem Heft geh\u00f6ren zwei CDs.<\/strong> Diese Sammlung kann sowohl im traditionellen Violinunterricht als auch im Suzuki-Bereich f\u00fcr Sch\u00fcler der B\u00e4nde 4-7 verwendet werden. Ebenso ist sie f\u00fcr Wiedereinsteiger, aber auch f\u00fcr Autodidakten geeignet.<\/span><\/p>\n<h3><span style=\"color: #000080;\">BESONDERHEITEN<\/span><\/h3>\n<ul>\n<li><span style=\"color: #000000;\">Die vorliegende Reihe ist weltweit die einzige nach dem \u201eDrei-Tempi-\u00dcbungsprinzip\u201c arbeitende progressive Violinliteratursammlung.<\/span><\/li>\n<li><span style=\"color: #000000;\">Das Repertoire enth\u00e4lt Vortragsst\u00fccke aus der Suzuki Violinschule, Band 4-7 sowie zahlreiche Zusatzst\u00fccke. Das Spektrum reicht von barocken Solokonzerten bis hin zu fetzigen Fiddle-St\u00fccken und besteht aus Literatur f\u00fcr eine, zwei und drei Violinen, \u00fcberwiegend mit Klavierbegleitung.<\/span><\/li>\n<li><span style=\"color: #000000;\"><span style=\"color: #000000;\"><span style=\"color: #000000;\">Zu den meisten Vortragsst\u00fccken geh\u00f6ren zahlreiche systematische Vor\u00fcbungen, die durch \u00dcbetipps erg\u00e4nzt werden.<\/span><\/span><\/span><\/li>\n<li><span style=\"color: #000000;\"><span style=\"color: #000000;\"><span style=\"color: #000000;\">Theoretische Erkl\u00e4rungen werden durch viele Fotos mit technischen Details verdeutlicht.<\/span><\/span><\/span><\/li>\n<li><span style=\"color: #000000;\">Die CDs enthalten Vortragsst\u00fccke mit und ohne Violinstimme sowie wichtige Vorbereitungs\u00fcbungen in unterschiedlichen Tempi. Eigens f\u00fcr diese CDs hat <a href=\"http:\/\/www.davidandruss.com\/\"><span style=\"color: #000080;\"><strong>David Andru<span style=\"color: #000080;\">s<\/span>s<\/strong><\/span><\/a> phantasievolle und lebendige Klavierbegleitungen komponiert. So werden selbst kurze technische \u00dcbungen zu einem anregenden musikalischen Erlebnis.<\/span><\/li>\n<\/ul>\n[\/vc_column_text][\/vc_column][vc_column column_padding=&#8220;no-extra-padding&#8220; column_padding_position=&#8220;all&#8220; background_color_opacity=&#8220;1&#8243; background_hover_color_opacity=&#8220;1&#8243; column_shadow=&#8220;none&#8220; column_border_radius=&#8220;none&#8220; width=&#8220;1\/6&#8243; tablet_text_alignment=&#8220;default&#8220; phone_text_alignment=&#8220;default&#8220; column_border_width=&#8220;none&#8220; column_border_style=&#8220;solid&#8220;][\/vc_column][vc_column column_padding=&#8220;no-extra-padding&#8220; column_padding_position=&#8220;all&#8220; background_color_opacity=&#8220;1&#8243; background_hover_color_opacity=&#8220;1&#8243; column_shadow=&#8220;none&#8220; column_border_radius=&#8220;none&#8220; width=&#8220;2\/6&#8243; tablet_text_alignment=&#8220;default&#8220; phone_text_alignment=&#8220;default&#8220; column_border_width=&#8220;none&#8220; column_border_style=&#8220;solid&#8220;][vc_column_text]<a href=\"https:\/\/en.germansuzuki.com\/wp-content\/uploads\/2013\/04\/Recital-Training_vol.2.jpg\"><img decoding=\"async\" loading=\"lazy\" class=\"wp-image-1039 alignright\" title=\"Recital Training_vol.2\" src=\"https:\/\/en.germansuzuki.com\/wp-content\/uploads\/2013\/04\/Recital-Training_vol.2.jpg\" alt=\"\" width=\"445\" height=\"584\" \/><\/a>[\/vc_column_text][\/vc_column][\/vc_row][vc_row type=&#8220;in_container&#8220; full_screen_row_position=&#8220;middle&#8220; scene_position=&#8220;center&#8220; text_color=&#8220;dark&#8220; text_align=&#8220;left&#8220; overlay_strength=&#8220;0.3&#8243; shape_divider_position=&#8220;bottom&#8220; shape_type=&#8220;&#8220;][vc_column column_padding=&#8220;no-extra-padding&#8220; column_padding_position=&#8220;all&#8220; background_color_opacity=&#8220;1&#8243; background_hover_color_opacity=&#8220;1&#8243; column_shadow=&#8220;none&#8220; column_border_radius=&#8220;none&#8220; top_margin=&#8220;30&#8243; width=&#8220;2\/3&#8243; tablet_text_alignment=&#8220;default&#8220; phone_text_alignment=&#8220;default&#8220; column_border_width=&#8220;none&#8220; column_border_style=&#8220;solid&#8220;][vc_video link=&#8220;https:\/\/www.youtube.com\/watch?v=M1jt7r1fBp0&#8243;][\/vc_column][vc_column column_padding=&#8220;no-extra-padding&#8220; column_padding_position=&#8220;all&#8220; background_color=&#8220;#eaeaea&#8220; background_color_opacity=&#8220;1&#8243; background_hover_color_opacity=&#8220;1&#8243; column_shadow=&#8220;none&#8220; column_border_radius=&#8220;5px&#8220; el_class=&#8220;quote&#8220; width=&#8220;1\/3&#8243; tablet_text_alignment=&#8220;default&#8220; phone_text_alignment=&#8220;default&#8220; column_border_width=&#8220;none&#8220;][vc_column_text]\n<h3 style=\"text-align: center;\"><span style=\"color: #993300;\"><strong>H\u00f6rproben<\/strong> <em>(hier nur in niedriger Qualit\u00e4t)<\/em><\/span><\/h3>\n<p style=\"text-align: center;\"><span style=\"color: #000000;\"><strong>Gavotte I und II aus der Cello-Suite Nr. 6 in D-dur, BWV 1012,<br \/>\n<em>Johann Sebastian Bach<\/em><\/strong><br \/>\n<\/span><span style=\"color: #000080;\"><a style=\"color: #000080;\" href=\"https:\/\/en.germansuzuki.com\/wp-content\/uploads\/2013\/04\/bach_gavotte_kurz.mp3\"><strong>Vorspieltempo (Violin and Klavier)<\/strong> <\/a><\/span><\/p>\n<p style=\"text-align: center;\"><span style=\"color: #000000;\"><strong>Konzert in a-Moll, op. 3, Nr. 6, 2. Satz, <em>Antonio Vivaldi<\/em><\/strong><\/span><br \/>\n<span style=\"color: #000080;\"><strong><a style=\"color: #000080;\" href=\"https:\/\/en.germansuzuki.com\/wp-content\/uploads\/2013\/04\/Vivaldi_a-Moll_END_kurz.mp3\">Vorspieltempo (Violine und Klavier)<\/a><\/strong><\/span><\/p>\n<p style=\"text-align: center;\"><span style=\"color: #000000;\"><strong>Konzert in g-Moll, op. 12, Nr. 1, <em>Antonio Vivaldi<\/em><\/strong><\/span><br \/>\n<span style=\"color: #000000;\"><strong>1. Satz: <\/strong><\/span><a href=\"https:\/\/en.germansuzuki.com\/wp-content\/uploads\/2013\/04\/Vivaldi_1.Satz_langsam_kurz.mp3\"><strong><span style=\"color: #000000;\"><span style=\"color: #000080;\">Langsames \u00dcbetempo (Violine und Klavier)<\/span><\/span><\/strong><\/a><br \/>\n<span style=\"color: #000000;\"><strong>3. Satz: <\/strong><\/span><span style=\"color: #000080;\"><strong><a style=\"color: #000080;\" href=\"https:\/\/en.germansuzuki.com\/wp-content\/uploads\/2013\/04\/5b.beisp_.1.mp3\">Langsames \u00dcbetempo (Violine und Klavier) <\/a><\/strong><\/span><a href=\"http:\/\/www.musicdownloaddirect.de\/freeload\/seitz1.2\/seitz1_beisp.exers.mp3\"><br \/>\n<\/a><\/p>\n<p style=\"text-align: center;\"><span style=\"color: #000000;\"><strong>L\u00e4ndler \u2013 Country Dance, <em>Carl Maria von Weber<br \/>\n<\/em><\/strong><\/span><span style=\"color: #000000;\"><span style=\"color: #000080;\"><strong><a style=\"color: #000080;\" href=\"https:\/\/en.germansuzuki.com\/wp-content\/uploads\/2013\/04\/5b.beisp_.2.mp3\">Langsames \u00dcbetempo (Violine und Klavier)<\/a><\/strong><\/span><\/span><a href=\"http:\/\/www.musicdownloaddirect.de\/freeload\/seitz1.2\/seitz1_beisp.exers.mp3\"><br \/>\n<\/a><\/p>\n<p style=\"text-align: center;\"><strong><span style=\"color: #000000;\">Gigue, <\/span><em><span style=\"color: #000000;\">Francesco Maria Veracini<\/span><br \/>\n<\/em><\/strong><span style=\"color: #000080;\"><strong><a style=\"color: #000080;\" href=\"https:\/\/en.germansuzuki.com\/wp-content\/uploads\/2013\/04\/5b.beisp_.3.mp3\">Langsames \u00dcbetempo (Violine und Klavier)<\/a><a style=\"color: #000080;\" href=\"http:\/\/www.musicdownloaddirect.de\/freeload\/seitz1.2\/seitz1_beisp.exers.mp3\"><br \/>\n<\/a><a style=\"color: #000080;\" href=\"https:\/\/en.germansuzuki.com\/wp-content\/uploads\/2013\/04\/5b.beisp_.4.mp3\">Vorspieltempo (Klavierbegleitung)<\/a><\/strong><\/span><a href=\"http:\/\/www.musicdownloaddirect.de\/freeload\/seitz1.2\/seitz1_beisp.exers.mp3\"><br \/>\n<\/a><\/p>\n<p style=\"text-align: center;\"><span style=\"color: #000000;\"><strong>Konzert f\u00fcr zwei Violinen in d-Moll, BWV 1043, 1. Satz, Violine 1,<br \/>\n<\/strong><strong><em>Johann Sebastian Bach<br \/>\n<\/em><\/strong><\/span><span style=\"color: #000000;\"><span style=\"color: #000080;\"><strong><a style=\"color: #000080;\" href=\"https:\/\/en.germansuzuki.com\/wp-content\/uploads\/2013\/04\/5b.beisp_.5.mp3\">Langsames \u00dcbetempo (Violine und Klavier)<\/a><\/strong><\/span><\/span><\/p>\n[\/vc_column_text][\/vc_column][\/vc_row][vc_row type=&#8220;in_container&#8220; full_screen_row_position=&#8220;middle&#8220; scene_position=&#8220;center&#8220; text_color=&#8220;dark&#8220; text_align=&#8220;left&#8220; top_padding=&#8220;30&#8243; bottom_padding=&#8220;30&#8243; overlay_strength=&#8220;0.3&#8243; shape_divider_position=&#8220;bottom&#8220; shape_type=&#8220;&#8220;][vc_column column_padding=&#8220;no-extra-padding&#8220; column_padding_position=&#8220;all&#8220; background_color=&#8220;#eaeaea&#8220; background_color_opacity=&#8220;1&#8243; background_hover_color_opacity=&#8220;1&#8243; column_shadow=&#8220;none&#8220; column_border_radius=&#8220;none&#8220; width=&#8220;1\/3&#8243; tablet_text_alignment=&#8220;default&#8220; phone_text_alignment=&#8220;default&#8220; column_border_width=&#8220;none&#8220; column_border_style=&#8220;solid&#8220;][vc_column_text]\n<h2 style=\"text-align: center;\"><span style=\"color: #000000;\"><span style=\"color: #000080;\">VERZEICHNIS der <\/span><strong><span style=\"color: #000080;\">CDs<\/span><br \/>\n<\/strong><\/span><\/h2>\n<p style=\"text-align: center;\"><strong><span style=\"color: #000000;\"><br \/>\nStimmt\u00f6ne<\/span><\/strong><\/p>\n<p style=\"text-align: center;\"><span style=\"color: #000080;\"><strong>Gavotte I und II aus der Cello-Suite Nr. 6 in D-dur, BWV 1012,<br \/>\n<em>Johann Sebastian Bach<\/em><\/strong><\/span><br \/>\n<span style=\"color: #000000;\">Im langsamen \u00dcbetempo und im Vorspieltempo<\/span><\/p>\n<p style=\"text-align: center;\"><span style=\"color: #000000;\"><strong>A. Ausgabe f\u00fcr Violine &amp; Klavier, Klavierarrangement<br \/>\nvon <a href=\"http:\/\/www.davidandruss.com\/\"><span style=\"color: #000080;\">David Andruss<\/span><\/a> <\/strong><\/span><br \/>\n<span style=\"color: #000000;\"><strong>B. Ausgabe f\u00fcr Violine Solo<br \/>\n<\/strong><\/span><a href=\"https:\/\/www.imtex.info\/istex\/downloadshop1\/downloads\/free\/86\/5a.bach.gavotte_beispiel.pdf\"><strong><span style=\"color: #000080;\">Beispielseite<\/span><\/strong><\/a><\/p>\n<p style=\"text-align: center;\"><span style=\"color: #000080;\"><strong>Marionettentanz in der 5. Lage<\/strong><\/span><br \/>\n<span style=\"color: #000080;\"><strong>Marionettentanz in der 4. Lage<\/strong><\/span><br \/>\n<span style=\"color: #000000;\"><em>(Arrangement von Kerstin Wartberg &amp; David Andruss)<\/em><\/span><\/p>\n<p style=\"text-align: center;\"><span style=\"color: #000080;\"><strong>Konzert in a-Moll, op. 3, Nr. 6, 2. Satz, <em>Antonio Vivaldi<br \/>\n<\/em><\/strong><\/span><span style=\"color: #000000;\">Im Vorspieltempo (Violine &amp; Klavier)<\/span><br \/>\n<span style=\"color: #000000;\">Im Vorspieltempo (Klavierbegleitung mit Violine im Hintergrund)<\/span><\/p>\n[\/vc_column_text][\/vc_column][vc_column column_padding=&#8220;no-extra-padding&#8220; column_padding_position=&#8220;all&#8220; background_color=&#8220;#eaeaea&#8220; background_color_opacity=&#8220;1&#8243; background_hover_color_opacity=&#8220;1&#8243; column_shadow=&#8220;none&#8220; column_border_radius=&#8220;none&#8220; width=&#8220;1\/3&#8243; tablet_text_alignment=&#8220;default&#8220; phone_text_alignment=&#8220;default&#8220; column_border_width=&#8220;none&#8220; column_border_style=&#8220;solid&#8220;][vc_column_text]\n<p style=\"text-align: center;\"><strong><span style=\"color: #000080;\">Morgensterne<\/span><\/strong><br \/>\n<span style=\"color: #000000;\">G-Dur und g-Moll Tonleitern \u00fcber drei Oktaven<\/span><br \/>\n<span style=\"color: #000000;\"><em>(Klavierarrangement David Andruss)<\/em><\/span><\/p>\n<p style=\"text-align: center;\"><strong><span style=\"color: #000080;\">Konzert in g-Moll, op. 12, Nr. 1, <em>Antonio Vivaldi<\/em><\/span><\/strong><br \/>\n<span style=\"color: #000000;\"><strong>I: Allegro<br \/>\n<\/strong>Im langsamen und im mittleren \u00dcbetempo sowie im Vorspieltempo<br \/>\nLagenwechsel\u00fcbung <em>(Klavierarrangement David Andruss)<\/em><\/span><br \/>\n<span style=\"color: #000000;\">Intonations\u00fcbung <em>(Klavierarrangement David Andruss)<\/em><\/span><\/p>\n<p style=\"text-align: center;\"><span style=\"color: #000000;\"><strong>II: Adagio<br \/>\n<\/strong>Im Vorspieltempo (Violine &amp; Klavier)<\/span><br \/>\n<span style=\"color: #000000;\">Im Vorspieltempo (Klavierbegleitung mit Violine im Hintergrund)<\/span><\/p>\n<p style=\"text-align: center;\"><span style=\"color: #000000;\"><strong>III: Allegro<br \/>\n<\/strong>Im langsamen und im mittleren \u00dcbetempo sowie im Vorspieltempo<\/span><\/p>\n<p style=\"text-align: center;\"><span style=\"color: #000000;\"><span style=\"color: #000080;\"><strong>Auf Fl\u00fcgeln des Gesanges,<\/strong><strong> <em>Felix Mendelssohn<\/em><\/strong> <strong><em>Bartholdy <\/em><\/strong><\/span><em><br \/>\n(Arrangement f\u00fcr 2 Violinen &amp; Klavier von Kerstin Wartberg)<br \/>\n<\/em>Im Vorspieltempo (Violine &amp; Harfe)<em><br \/>\n<\/em>Im Vorspieltempo (nur Klavierbegleitung)<\/span><\/p>\n[\/vc_column_text][\/vc_column][vc_column column_padding=&#8220;no-extra-padding&#8220; column_padding_position=&#8220;all&#8220; background_color=&#8220;#eaeaea&#8220; background_color_opacity=&#8220;1&#8243; background_hover_color_opacity=&#8220;1&#8243; column_shadow=&#8220;none&#8220; column_border_radius=&#8220;none&#8220; width=&#8220;1\/3&#8243; tablet_text_alignment=&#8220;default&#8220; phone_text_alignment=&#8220;default&#8220; column_border_width=&#8220;none&#8220; column_border_style=&#8220;solid&#8220;][vc_column_text]\n<p style=\"text-align: center;\"><span style=\"color: #000000;\"><strong><span style=\"color: #000080;\">L\u00e4ndler &#8211; Country Dance, <\/span><em><span style=\"color: #000080;\">Carl Maria von Weber<\/span><br \/>\n<\/em><\/strong>Im langsamen und im mittleren \u00dcbetempo sowie im Vorspieltempo<\/span><\/p>\n<p style=\"text-align: center;\"><span style=\"color: #000000;\"><strong><span style=\"color: #000080;\">Ungarischer Tanz Nr. 5, <\/span><em><span style=\"color: #000080;\">Johannes Brahms<\/span><br \/>\n<\/em><\/strong><strong><em>(Arrangement von Kerstin Wartberg)<\/em><\/strong><strong><br \/>\n<\/strong>Im langsamen \u00dcbetempo und im Vorspieltempo<\/span><\/p>\n<p style=\"text-align: center;\"><span style=\"color: #000000;\"><strong><span style=\"color: #000080;\">Deutscher Tanz, <\/span><em><span style=\"color: #000080;\">Karl Ditters von Dittersdorf<\/span><br \/>\n<\/em><\/strong>Im langsamen \u00dcbetempo und im Vorspieltempo<\/span><\/p>\n<p style=\"text-align: center;\"><span style=\"color: #000000;\">Akkord-\u00dcbung<\/span><\/p>\n<p style=\"text-align: center;\"><span style=\"color: #000000;\"><strong><span style=\"color: #000080;\">Gigue, <\/span><em><span style=\"color: #000080;\">Francesco Maria Veracini<\/span><br \/>\n<\/em><\/strong><span style=\"color: #000080;\">Im langsamen und im mittleren \u00dcbetempo sowie im Vorspieltempo<\/span><\/span><\/p>\n<p style=\"text-align: center;\"><span style=\"color: #000000;\"><span style=\"color: #000080;\"><strong>Vier kurze Et\u00fcden,<\/strong> <\/span><strong><em><span style=\"color: #000080;\">Kerstin Wartberg<\/span><br \/>\n<\/em><\/strong><\/span><\/p>\n<p style=\"text-align: center;\"><span style=\"color: #000000;\"><span style=\"color: #000080;\"><strong><br \/>\nKonzert f\u00fcr zwei Violinen in d-Moll, BWV 1043, 1. Satz, Violine 1, <\/strong><\/span><strong><em><span style=\"color: #000080;\">Johann Sebastian Bach<\/span><br \/>\n<\/em><\/strong>Im langsamen \u00dcbetempo und im Vorspieltempo<\/span><\/p>\n[\/vc_column_text][\/vc_column][\/vc_row][vc_row type=&#8220;in_container&#8220; full_screen_row_position=&#8220;middle&#8220; scene_position=&#8220;center&#8220; text_color=&#8220;dark&#8220; text_align=&#8220;left&#8220; overlay_strength=&#8220;0.3&#8243; shape_divider_position=&#8220;bottom&#8220;][vc_column column_padding=&#8220;no-extra-padding&#8220; column_padding_position=&#8220;all&#8220; background_color_opacity=&#8220;1&#8243; background_hover_color_opacity=&#8220;1&#8243; column_shadow=&#8220;none&#8220; column_border_radius=&#8220;none&#8220; width=&#8220;2\/3&#8243; tablet_text_alignment=&#8220;default&#8220; phone_text_alignment=&#8220;default&#8220; column_border_width=&#8220;none&#8220; column_border_style=&#8220;solid&#8220;][vc_video link=&#8220;https:\/\/www.youtube.com\/watch?v=xCa8OxqNvSA&#8220;][vc_column_text][\/vc_column_text][\/vc_column][vc_column column_padding=&#8220;no-extra-padding&#8220; column_padding_position=&#8220;all&#8220; background_color_opacity=&#8220;1&#8243; background_hover_color_opacity=&#8220;1&#8243; column_shadow=&#8220;none&#8220; column_border_radius=&#8220;none&#8220; width=&#8220;1\/3&#8243; tablet_text_alignment=&#8220;default&#8220; phone_text_alignment=&#8220;default&#8220; column_border_width=&#8220;none&#8220; column_border_style=&#8220;solid&#8220;]<div class=\"divider-wrap\"><div style=\"height: 25px;\" class=\"divider\"><\/div><\/div><div class=\"divider-wrap\"><div style=\"height: 25px;\" class=\"divider\"><\/div><\/div>[vc_column_text]\n<h3><\/h3>\n<h3 style=\"text-align: center;\"><span style=\"color: #000080;\"><strong>Bestellm\u00f6glichkeiten<\/strong><\/span><\/h3>\n<h6 style=\"text-align: center;\"><span style=\"color: #000080;\"><span style=\"color: #000000;\"><strong>DEUTSCHLAND: <a href=\"https:\/\/www.germansuzuki.de\/?page_id=10187\">German Suzuki Shop<\/a><\/strong><\/span><br \/>\n<\/span><\/h6>\n<h6 style=\"text-align: center;\"><span style=\"color: #000080;\"><span style=\"color: #000000;\"><strong>USA: <\/strong><\/span><\/span><span style=\"color: #000080;\"><span style=\"color: #000000;\"><strong><a href=\"https:\/\/www.amazon.com\/s?k=Wartberg+Recital+Training&amp;i=stripbooks-intl-ship&amp;__mk_de_DE=%C3%85M%C3%85%C5%BD%C3%95%C3%91&amp;crid=3KHAJ6SG525E9&amp;sprefix=wartberg+recital+training%2Cstripbooks-intl-ship%2C214&amp;ref=nb_sb_noss\">Amazon<\/a><br \/>\n<\/strong><\/span><\/span><span style=\"color: #000080;\"><strong><span style=\"color: #000000;\">EUROPA<\/span>:<\/strong> <a style=\"color: #000080;\" href=\"https:\/\/www.all-sheetmusic.com\/index.php?cl=search&amp;searchparam=wartberg\" target=\"_blank\" rel=\"noopener\">www.all-sheetmusic.com<br \/>\n<\/a><span style=\"color: #000000;\"><strong>GROSSBRITANNIEN:<\/strong><\/span> <a style=\"color: #000080;\" href=\"https:\/\/www.all-sheetmusic.com\/index.php?cl=search&amp;searchparam=wartberg\" target=\"_blank\" rel=\"noopener\">www.all-sheetmusic.com<\/a><strong><a style=\"color: #000080;\" href=\"https:\/\/www.all-sheetmusic.com\/index.php?cl=search&amp;searchparam=wartberg\" target=\"_blank\" rel=\"noopener\"><br \/>\n<\/a><\/strong><span style=\"color: #000000;\"><strong>FRANKREICH:<\/strong><\/span> <a style=\"color: #000080;\" href=\"https:\/\/www.partitions-musicales.net\/index.php?cl=search&amp;searchparam=wartberg\" target=\"_blank\" rel=\"noopener\">www.partitions-musicales.net<\/a><strong><a style=\"color: #000080;\" href=\"https:\/\/www.partitions-musicales.net\/index.php?cl=search&amp;searchparam=wartberg\" target=\"_blank\" rel=\"noopener\"><br \/>\n<\/a><\/strong><span style=\"color: #000000;\"><strong>ITALIEN: <\/strong><\/span><a style=\"color: #000080;\" href=\"https:\/\/www.partiture-musicali.com\/index.php?cl=search&amp;searchparam=wartberg\" target=\"_blank\" rel=\"noopener\">www.partiture-musicali.com<\/a><br \/>\n<\/span><span style=\"color: #000080;\"><span style=\"color: #000000;\"><strong>Alle anderen L\u00e4nder: <a href=\"https:\/\/www.amazon.com\/s?k=Wartberg+Recital+Training&amp;i=stripbooks-intl-ship&amp;__mk_de_DE=%C3%85M%C3%85%C5%BD%C3%95%C3%91&amp;crid=3KHAJ6SG525E9&amp;sprefix=wartberg+recital+training%2Cstripbooks-intl-ship%2C214&amp;ref=nb_sb_noss\">Amazon<\/a><\/strong><\/span><\/span><\/h6>\n<h6 style=\"text-align: center;\"><\/h6>\n[\/vc_column_text][\/vc_column][\/vc_row]\n","protected":false},"excerpt":{"rendered":"<p>[vc_row type=&#8220;in_container&#8220; full_screen_row_position=&#8220;middle&#8220; scene_position=&#8220;center&#8220; text_color=&#8220;dark&#8220; text_align=&#8220;left&#8220; overlay_strength=&#8220;0.3&#8243; shape_divider_position=&#8220;bottom&#8220;][vc_column column_padding=&#8220;no-extra-padding&#8220; column_padding_position=&#8220;all&#8220; background_color_opacity=&#8220;1&#8243; background_hover_color_opacity=&#8220;1&#8243; column_shadow=&#8220;none&#8220; column_border_radius=&#8220;none&#8220; width=&#8220;1\/2&#8243; tablet_text_alignment=&#8220;default&#8220; phone_text_alignment=&#8220;default&#8220; column_border_width=&#8220;none&#8220; column_border_style=&#8220;solid&#8220;][vc_column_text] Vorspiel-Training, Band 2 \u00dcbungsmaterial f\u00fcr Suzuki-Sch\u00fcler in Heft 5 und Violinsch\u00fcler&#8230;<\/p>\n","protected":false},"author":2,"featured_media":0,"parent":0,"menu_order":0,"comment_status":"open","ping_status":"open","template":"","meta":[],"_links":{"self":[{"href":"https:\/\/www.germansuzuki.de\/index.php?rest_route=\/wp\/v2\/pages\/3025"}],"collection":[{"href":"https:\/\/www.germansuzuki.de\/index.php?rest_route=\/wp\/v2\/pages"}],"about":[{"href":"https:\/\/www.germansuzuki.de\/index.php?rest_route=\/wp\/v2\/types\/page"}],"author":[{"embeddable":true,"href":"https:\/\/www.germansuzuki.de\/index.php?rest_route=\/wp\/v2\/users\/2"}],"replies":[{"embeddable":true,"href":"https:\/\/www.germansuzuki.de\/index.php?rest_route=%2Fwp%2Fv2%2Fcomments&post=3025"}],"version-history":[{"count":11,"href":"https:\/\/www.germansuzuki.de\/index.php?rest_route=\/wp\/v2\/pages\/3025\/revisions"}],"predecessor-version":[{"id":10683,"href":"https:\/\/www.germansuzuki.de\/index.php?rest_route=\/wp\/v2\/pages\/3025\/revisions\/10683"}],"wp:attachment":[{"href":"https:\/\/www.germansuzuki.de\/index.php?rest_route=%2Fwp%2Fv2%2Fmedia&parent=3025"}],"curies":[{"name":"wp","href":"https:\/\/api.w.org\/{rel}","templated":true}]}}