{"id":2245,"date":"2010-09-04T17:31:52","date_gmt":"2010-09-04T15:31:52","guid":{"rendered":"http:\/\/www.germansuzuki.com\/?page_id=2245"},"modified":"2024-02-07T20:48:43","modified_gmt":"2024-02-07T18:48:43","slug":"vorspiel-training-2","status":"publish","type":"page","link":"https:\/\/www.germansuzuki.de\/?page_id=2245","title":{"rendered":"Vorspiel-Training, Band 1"},"content":{"rendered":"[vc_row type=&#8220;in_container&#8220; full_screen_row_position=&#8220;middle&#8220; scene_position=&#8220;center&#8220; text_color=&#8220;dark&#8220; text_align=&#8220;left&#8220; overlay_strength=&#8220;0.3&#8243; shape_divider_position=&#8220;bottom&#8220;][vc_column column_padding=&#8220;no-extra-padding&#8220; column_padding_position=&#8220;all&#8220; background_color_opacity=&#8220;1&#8243; background_hover_color_opacity=&#8220;1&#8243; column_shadow=&#8220;none&#8220; column_border_radius=&#8220;none&#8220; width=&#8220;1\/2&#8243; tablet_text_alignment=&#8220;default&#8220; phone_text_alignment=&#8220;default&#8220; column_border_width=&#8220;none&#8220; column_border_style=&#8220;solid&#8220;][vc_column_text]\n<h2><span style=\"color: #000080;\">Vorspiel-Training, Band 1<\/span><\/h2>\n<h3><span style=\"color: #000000;\">\u00dcbungsmaterial f\u00fcr Suzuki-Sch\u00fcler in Heft 4 und Violinsch\u00fcler der Mittelstufe<\/span><\/h3>\n<h3><span style=\"color: #000000;\">Edition Peters (EP 11291)<\/span><\/h3>\n<p><span style=\"color: #000000;\">Die Reihe <strong>VORSPIEL-TRAINING <\/strong>umfa\u00dft insgesamt drei Repertoirehefte.<strong> Zu jedem Heft geh\u00f6ren zwei CDs.<\/strong> Diese Sammlung kann sowohl im traditionellen Violinunterricht als auch im Suzuki-Bereich f\u00fcr Sch\u00fcler der B\u00e4nde 4-7 verwendet werden. Ebenso ist sie f\u00fcr Wiedereinsteiger, aber auch f\u00fcr Autodidakten geeignet.<\/span><\/p>\n<h3><span style=\"color: #000080;\">BESONDERHEITEN<\/span><\/h3>\n<ul>\n<li><span style=\"color: #000000;\">Die vorliegende Reihe ist weltweit die einzige nach dem \u201eDrei-Tempi-\u00dcbungsprinzip\u201c arbeitende progressive Violinliteratursammlung.<\/span><\/li>\n<li><span style=\"color: #000000;\">Das Repertoire enth\u00e4lt Vortragsst\u00fccke aus der Suzuki Violinschule, Band 4-7 sowie zahlreiche Zusatzst\u00fccke. Das Spektrum reicht von barocken Solokonzerten bis hin zu fetzigen Fiddle-St\u00fccken und besteht aus Literatur f\u00fcr eine, zwei und drei Violinen, \u00fcberwiegend mit Klavierbegleitung.<\/span><\/li>\n<li><span style=\"color: #000000;\">Zu den meisten Vortragsst\u00fccken geh\u00f6ren zahlreiche systematische Vor\u00fcbungen, die durch \u00dcbetipps erg\u00e4nzt werden. <\/span><\/li>\n<li><span style=\"color: #000000;\">Theoretische Erkl\u00e4rungen werden durch viele Fotos mit technischen Details verdeutlicht.<\/span><\/li>\n<li><span style=\"color: #000000;\">Die CDs enthalten Vortragsst\u00fccke mit und ohne Violinstimme sowie wichtige Vorbereitungs\u00fcbungen in unterschiedlichen Tempi. Eigens f\u00fcr diese CDs hat David Andruss phantasievolle und lebendige Klavierbegleitungen komponiert. So werden selbst kurze technische \u00dcbungen zu einem anregenden musikalischen Erlebnis.<\/span><\/li>\n<\/ul>\n[\/vc_column_text][\/vc_column][vc_column column_padding=&#8220;no-extra-padding&#8220; column_padding_position=&#8220;all&#8220; background_color_opacity=&#8220;1&#8243; background_hover_color_opacity=&#8220;1&#8243; column_shadow=&#8220;none&#8220; column_border_radius=&#8220;none&#8220; width=&#8220;1\/6&#8243; tablet_text_alignment=&#8220;default&#8220; phone_text_alignment=&#8220;default&#8220; column_border_width=&#8220;none&#8220; column_border_style=&#8220;solid&#8220;][\/vc_column][vc_column column_padding=&#8220;no-extra-padding&#8220; column_padding_position=&#8220;all&#8220; background_color_opacity=&#8220;1&#8243; background_hover_color_opacity=&#8220;1&#8243; column_shadow=&#8220;none&#8220; column_border_radius=&#8220;none&#8220; top_margin=&#8220;40&#8243; width=&#8220;2\/6&#8243; tablet_text_alignment=&#8220;default&#8220; phone_text_alignment=&#8220;default&#8220; column_border_width=&#8220;none&#8220; column_border_style=&#8220;solid&#8220;]<div class=\"divider-wrap\"><div style=\"height: 25px;\" class=\"divider\"><\/div><\/div>[vc_column_text]\n<h3><a href=\"http:\/\/www.germansuzuki.com\/wp-content\/uploads\/2010\/05\/Vorspiel-Training1.jpg\"><img decoding=\"async\" loading=\"lazy\" class=\" wp-image-1471 alignnone\" title=\"Unbenannt-1\" src=\"http:\/\/www.germansuzuki.com\/wp-content\/uploads\/2010\/05\/Vorspiel-Training1.jpg\" alt=\"\" width=\"612\" height=\"796\" \/><\/a><\/h3>\n[\/vc_column_text][\/vc_column][\/vc_row][vc_row type=&#8220;in_container&#8220; full_screen_row_position=&#8220;middle&#8220; scene_position=&#8220;center&#8220; text_color=&#8220;dark&#8220; text_align=&#8220;left&#8220; overlay_strength=&#8220;0.3&#8243; shape_divider_position=&#8220;bottom&#8220;][vc_column column_padding=&#8220;no-extra-padding&#8220; column_padding_position=&#8220;all&#8220; background_color_opacity=&#8220;1&#8243; background_hover_color_opacity=&#8220;1&#8243; column_shadow=&#8220;none&#8220; column_border_radius=&#8220;none&#8220; width=&#8220;1\/3&#8243; tablet_text_alignment=&#8220;default&#8220; phone_text_alignment=&#8220;default&#8220; column_border_width=&#8220;none&#8220; column_border_style=&#8220;solid&#8220;][vc_column_text]<img decoding=\"async\" loading=\"lazy\" class=\"alignnone wp-image-3441\" src=\"https:\/\/en.germansuzuki.com\/wp-content\/uploads\/2018\/03\/Chinese_editions.jpg\" alt=\"\" width=\"489\" height=\"691\" \/>[\/vc_column_text]<div class=\"divider-wrap\"><div style=\"height: 25px;\" class=\"divider\"><\/div><\/div><div class=\"divider-wrap\"><div style=\"height: 25px;\" class=\"divider\"><\/div><\/div>[vc_video link=&#8220;https:\/\/www.youtube.com\/watch?v=rsgb1Ht9sLE&#8220;]<div class=\"divider-wrap\"><div style=\"height: 25px;\" class=\"divider\"><\/div><\/div>[vc_column_text css=&#8220;.vc_custom_1707331617996{background-color: #e5e5e5 !important;}&#8220;]\n<h3><\/h3>\n<h3 style=\"text-align: center;\"><span style=\"color: #000080;\"><strong>Bestellm\u00f6glichkeiten<\/strong><\/span><\/h3>\n<h6 style=\"text-align: center;\"><span style=\"color: #000080;\"><span style=\"color: #000000;\"><strong>DEUTSCHLAND: <a href=\"https:\/\/www.germansuzuki.de\/?page_id=10187\">German Suzuki Shop<\/a><\/strong><\/span><br \/>\n<\/span><\/h6>\n<h6 style=\"text-align: center;\"><span style=\"color: #000080;\"><span style=\"color: #000000;\"><strong>USA: <\/strong><\/span><\/span><span style=\"color: #000080;\"><span style=\"color: #000000;\"><strong><a href=\"https:\/\/www.amazon.com\/s?k=Wartberg+Recital+Training&amp;i=stripbooks-intl-ship&amp;__mk_de_DE=%C3%85M%C3%85%C5%BD%C3%95%C3%91&amp;crid=3KHAJ6SG525E9&amp;sprefix=wartberg+recital+training%2Cstripbooks-intl-ship%2C214&amp;ref=nb_sb_noss\">Amazon<\/a><br \/>\n<\/strong><\/span><\/span><span style=\"color: #000080;\"><strong><span style=\"color: #000000;\">EUROPA<\/span>:<\/strong> <a style=\"color: #000080;\" href=\"https:\/\/www.all-sheetmusic.com\/index.php?cl=search&amp;searchparam=wartberg\" target=\"_blank\" rel=\"noopener\">www.all-sheetmusic.com<br \/>\n<\/a><span style=\"color: #000000;\"><strong>GROSSBRITANNIEN:<\/strong><\/span> <a style=\"color: #000080;\" href=\"https:\/\/www.all-sheetmusic.com\/index.php?cl=search&amp;searchparam=wartberg\" target=\"_blank\" rel=\"noopener\">www.all-sheetmusic.com<\/a><strong><a style=\"color: #000080;\" href=\"https:\/\/www.all-sheetmusic.com\/index.php?cl=search&amp;searchparam=wartberg\" target=\"_blank\" rel=\"noopener\"><br \/>\n<\/a><\/strong><span style=\"color: #000000;\"><strong>FRANKREICH:<\/strong><\/span> <a style=\"color: #000080;\" href=\"https:\/\/www.partitions-musicales.net\/index.php?cl=search&amp;searchparam=wartberg\" target=\"_blank\" rel=\"noopener\">www.partitions-musicales.net<\/a><strong><a style=\"color: #000080;\" href=\"https:\/\/www.partitions-musicales.net\/index.php?cl=search&amp;searchparam=wartberg\" target=\"_blank\" rel=\"noopener\"><br \/>\n<\/a><\/strong><span style=\"color: #000000;\"><strong>ITALIEN: <\/strong><\/span><a style=\"color: #000080;\" href=\"https:\/\/www.partiture-musicali.com\/index.php?cl=search&amp;searchparam=wartberg\" target=\"_blank\" rel=\"noopener\">www.partiture-musicali.com<\/a><br \/>\n<\/span><span style=\"color: #000080;\"><span style=\"color: #000000;\"><strong>Alle anderen L\u00e4nder: <a href=\"https:\/\/www.amazon.com\/s?k=Wartberg+Recital+Training&amp;i=stripbooks-intl-ship&amp;__mk_de_DE=%C3%85M%C3%85%C5%BD%C3%95%C3%91&amp;crid=3KHAJ6SG525E9&amp;sprefix=wartberg+recital+training%2Cstripbooks-intl-ship%2C214&amp;ref=nb_sb_noss\">Amazon<\/a><\/strong><\/span><\/span><\/h6>\n<h6 style=\"text-align: center;\"><\/h6>\n[\/vc_column_text][\/vc_column][vc_column column_padding=&#8220;no-extra-padding&#8220; column_padding_position=&#8220;all&#8220; background_color=&#8220;#eaeaea&#8220; background_color_opacity=&#8220;1&#8243; background_hover_color_opacity=&#8220;1&#8243; column_shadow=&#8220;none&#8220; column_border_radius=&#8220;none&#8220; width=&#8220;1\/3&#8243; tablet_text_alignment=&#8220;default&#8220; phone_text_alignment=&#8220;default&#8220; column_border_width=&#8220;none&#8220; column_border_style=&#8220;solid&#8220;][vc_column_text]\n<h2 style=\"text-align: center;\"><span style=\"color: #000080;\">INHALT der CD 1A<\/span><\/h2>\n<p style=\"text-align: center;\"><span style=\"color: #000000;\"><strong>Stimmt\u00f6ne<\/strong><\/span><\/p>\n<p style=\"text-align: center;\"><span style=\"color: #000080;\"><strong>Konzert Nr. 2 in G-Dur, op. 13, 3. Satz, <em>Friedrich Seitz<br \/>\n<\/em><\/strong><\/span><span style=\"color: #000000;\"><em>Im langsamen und mittleren \u00dcbetempo sowie im Vorspieltempo<\/em><\/span><\/p>\n<p>&nbsp;<\/p>\n<p style=\"text-align: center;\"><span style=\"color: #000080;\"><strong>Irisches Fiddlest\u00fcck f\u00fcr drei Geigen, Irische Volksweise <em><span style=\"color: #000000;\">(Arrangement Kerstin Wartberg)<\/span><\/em><\/strong><\/span><\/p>\n<p>&nbsp;<\/p>\n<p style=\"text-align: center;\"><span style=\"color: #000080;\"><strong>Konzert Nr. 5 in D-Dur, op. 22, 1. Satz, <\/strong><strong><em>Friedrich Seitz<br \/>\n<\/em><\/strong><\/span><span style=\"color: #000000;\"><em>Im langsamen und mittleren \u00dcbetempo sowie im Vorspieltempo<br \/>\n<\/em>Vor\u00fcbungen 1-3<\/span><\/p>\n<p style=\"text-align: center;\"><strong><span style=\"color: #000080;\"><br \/>\nWestern Fiddler f\u00fcr drei Geigen, Amerikanische Volksweise<\/span><\/strong><br \/>\n<span style=\"color: #000000;\"><strong><em>(Arrangement Kerstin Wartberg)<\/em><\/strong><\/span><\/p>\n<p style=\"text-align: center;\"><span style=\"color: #000080;\"><strong><br \/>\nKonzert Nr. 5 in D-Dur, op. 22, 3. Satz, <em>Friedrich Seitz<\/em><\/strong><\/span><br \/>\n<span style=\"color: #000000;\"><em>Im langsamen und mittleren \u00dcbetempo sowie im Vorspieltempo<\/em><\/span><br \/>\n<span style=\"color: #000000;\">Doppelgriff-\u00dcbungen<\/span><\/p>\n<p>&nbsp;<\/p>\n<p style=\"text-align: center;\"><span style=\"color: #000080;\"><strong>Wiegenlied, <em>Franz Schubert<\/em><\/strong><\/span><\/p>\n<p style=\"text-align: center;\"><span style=\"color: #000000;\"><strong><span style=\"color: #000080;\"><br \/>\nAbendsegen, <\/span><em><span style=\"color: #000080;\">Engelbert Humperdinck<\/span><br \/>\n<\/em><\/strong><strong>Arrangement f\u00fcr 2 Violinen &amp; Klavier oder Orgel<br \/>\nvon Kerstin Wartberg<\/strong><\/span><\/p>\n[\/vc_column_text][\/vc_column][vc_column column_padding=&#8220;no-extra-padding&#8220; column_padding_position=&#8220;all&#8220; background_color=&#8220;#eaeaea&#8220; background_color_opacity=&#8220;1&#8243; background_hover_color_opacity=&#8220;1&#8243; column_shadow=&#8220;none&#8220; column_border_radius=&#8220;none&#8220; width=&#8220;1\/3&#8243; tablet_text_alignment=&#8220;default&#8220; phone_text_alignment=&#8220;default&#8220; column_border_width=&#8220;none&#8220; column_border_style=&#8220;solid&#8220;][vc_column_text]\n<h2 style=\"text-align: center;\"><span style=\"color: #000080;\">INHALT der C<strong>D 1B<\/strong><\/span><\/h2>\n<p style=\"text-align: center;\"><span style=\"color: #000000;\"><strong>Stimmt\u00f6ne<\/strong><\/span><\/p>\n<p style=\"text-align: center;\"><span style=\"color: #000000;\"><strong><span style=\"color: #000080;\">Violinkonzert in a-Moll, op. 3, Nr. 6, 1. Satz, <\/span><em><span style=\"color: #000080;\">Antonio Vivaldi<\/span><br \/>\n<\/em><\/strong><em>Im langsamen und mittleren \u00dcbetempo sowie im Vorspieltempo<br \/>\n<\/em>Vor\u00fcbungen 1+2<\/span><\/p>\n<p>&nbsp;<\/p>\n<p style=\"text-align: center;\"><span style=\"color: #000080;\"><strong>Saitenwechsel-Et\u00fcde im Stile von Antonio Vivaldi, <em>Kerstin Wartberg<\/em><\/strong><\/span><\/p>\n<p style=\"text-align: center;\"><span style=\"color: #000080;\"><strong>Violinkonzert in a-Moll, op. 3, Nr. 6, 3. Satz, <\/strong><strong><em>Antonio Vivaldi<br \/>\n<\/em><\/strong><\/span><em style=\"color: #000000;\">Im langsamen und mittleren \u00dcbetempo sowie im Vorspieltempo<br \/>\n<\/em><span style=\"color: #000000;\">Vor\u00fcbungen<\/span><\/p>\n<p>&nbsp;<\/p>\n<p style=\"text-align: center;\"><strong><span style=\"color: #000080;\">Drei kurze Dreiklangs-Et\u00fcden, <em>Kerstin Wartberg<\/em><\/span><\/strong><\/p>\n<p style=\"text-align: center;\"><span style=\"color: #000080;\"><strong>Konzert f\u00fcr 2 Violinen in d-Moll, BWV 1043, 1. Satz, Vl. 2,<br \/>\n<em>Johann Sebastian Bach<br \/>\n<\/em><\/strong><em><span style=\"color: #000000;\">Im langsamen und mittleren \u00dcbetempo sowie im Vorspieltempo<\/span><\/em><\/span><\/p>\n<p style=\"text-align: center;\"><span style=\"color: #000000;\"><strong><span style=\"color: #000080;\"><br \/>\nPerpetuum Mobile \u2013 aus \u201eKleine Suite\u201c, op. 6, Presto, <\/span><em><span style=\"color: #000080;\">Karl Boehm<\/span><br \/>\n<\/em><\/strong><em>Im langsamen und mittleren \u00dcbetempo sowie im Vorspieltempo<br \/>\n<\/em><\/span><\/p>\n<p>&nbsp;<\/p>\n<h2 style=\"text-align: center;\"><span style=\"color: #993300;\"><a style=\"color: #993300;\" href=\"https:\/\/www.imtex-online.com\/mediathek\/article\/81\/120\/freestreaming-violinbook4a-no-1-seitz-concertono-2ingmajor-op-13-3rdmvt-.html\/\"><em><strong>Beispielseiten und H\u00f6rproben<\/strong><\/em><\/a><\/span><\/h2>\n[\/vc_column_text][\/vc_column][\/vc_row][vc_row type=&#8220;in_container&#8220; full_screen_row_position=&#8220;middle&#8220; scene_position=&#8220;center&#8220; text_color=&#8220;dark&#8220; text_align=&#8220;left&#8220; overlay_strength=&#8220;0.3&#8243; shape_divider_position=&#8220;bottom&#8220;][vc_column column_padding=&#8220;no-extra-padding&#8220; column_padding_position=&#8220;all&#8220; background_color_opacity=&#8220;1&#8243; background_hover_color_opacity=&#8220;1&#8243; column_shadow=&#8220;none&#8220; column_border_radius=&#8220;none&#8220; width=&#8220;1\/1&#8243; tablet_text_alignment=&#8220;default&#8220; phone_text_alignment=&#8220;default&#8220; column_border_width=&#8220;none&#8220; column_border_style=&#8220;solid&#8220;][vc_column_text] [\/vc_column_text][\/vc_column][\/vc_row]\n","protected":false},"excerpt":{"rendered":"<p>[vc_row type=&#8220;in_container&#8220; full_screen_row_position=&#8220;middle&#8220; scene_position=&#8220;center&#8220; text_color=&#8220;dark&#8220; text_align=&#8220;left&#8220; overlay_strength=&#8220;0.3&#8243; shape_divider_position=&#8220;bottom&#8220;][vc_column column_padding=&#8220;no-extra-padding&#8220; column_padding_position=&#8220;all&#8220; background_color_opacity=&#8220;1&#8243; background_hover_color_opacity=&#8220;1&#8243; column_shadow=&#8220;none&#8220; column_border_radius=&#8220;none&#8220; width=&#8220;1\/2&#8243; tablet_text_alignment=&#8220;default&#8220; phone_text_alignment=&#8220;default&#8220; column_border_width=&#8220;none&#8220; column_border_style=&#8220;solid&#8220;][vc_column_text] Vorspiel-Training, Band 1 \u00dcbungsmaterial f\u00fcr Suzuki-Sch\u00fcler in Heft 4 und Violinsch\u00fcler&#8230;<\/p>\n","protected":false},"author":2,"featured_media":0,"parent":0,"menu_order":6,"comment_status":"open","ping_status":"open","template":"","meta":[],"_links":{"self":[{"href":"https:\/\/www.germansuzuki.de\/index.php?rest_route=\/wp\/v2\/pages\/2245"}],"collection":[{"href":"https:\/\/www.germansuzuki.de\/index.php?rest_route=\/wp\/v2\/pages"}],"about":[{"href":"https:\/\/www.germansuzuki.de\/index.php?rest_route=\/wp\/v2\/types\/page"}],"author":[{"embeddable":true,"href":"https:\/\/www.germansuzuki.de\/index.php?rest_route=\/wp\/v2\/users\/2"}],"replies":[{"embeddable":true,"href":"https:\/\/www.germansuzuki.de\/index.php?rest_route=%2Fwp%2Fv2%2Fcomments&post=2245"}],"version-history":[{"count":63,"href":"https:\/\/www.germansuzuki.de\/index.php?rest_route=\/wp\/v2\/pages\/2245\/revisions"}],"predecessor-version":[{"id":10674,"href":"https:\/\/www.germansuzuki.de\/index.php?rest_route=\/wp\/v2\/pages\/2245\/revisions\/10674"}],"wp:attachment":[{"href":"https:\/\/www.germansuzuki.de\/index.php?rest_route=%2Fwp%2Fv2%2Fmedia&parent=2245"}],"curies":[{"name":"wp","href":"https:\/\/api.w.org\/{rel}","templated":true}]}}