{"id":1725,"date":"2010-05-05T16:13:45","date_gmt":"2010-05-05T14:13:45","guid":{"rendered":"http:\/\/www.germansuzuki.com\/?page_id=1725"},"modified":"2023-07-05T17:55:52","modified_gmt":"2023-07-05T15:55:52","slug":"neue-unterrichtsliteratur","status":"publish","type":"page","link":"https:\/\/www.germansuzuki.de\/?page_id=1725","title":{"rendered":"Neue Unterrichtsliteratur"},"content":{"rendered":"[vc_row type=&#8220;in_container&#8220; full_screen_row_position=&#8220;middle&#8220; scene_position=&#8220;center&#8220; text_color=&#8220;dark&#8220; text_align=&#8220;left&#8220; overlay_strength=&#8220;0.3&#8243; shape_divider_position=&#8220;bottom&#8220;][vc_column column_padding=&#8220;no-extra-padding&#8220; column_padding_position=&#8220;all&#8220; background_color_opacity=&#8220;1&#8243; background_hover_color_opacity=&#8220;1&#8243; column_shadow=&#8220;none&#8220; column_border_radius=&#8220;none&#8220; width=&#8220;1\/1&#8243; tablet_text_alignment=&#8220;default&#8220; phone_text_alignment=&#8220;default&#8220; column_border_width=&#8220;none&#8220; column_border_style=&#8220;solid&#8220;][vc_column_text]\n<p style=\"text-align: center;\"><span style=\"color: #ffffff;\"><a href=\"https:\/\/en.germansuzuki.com\/wp-content\/uploads\/2018\/02\/Publications2.jpg\"><img decoding=\"async\" loading=\"lazy\" class=\"aligncenter size-full wp-image-3013\" src=\"https:\/\/en.germansuzuki.com\/wp-content\/uploads\/2018\/02\/Publications2.jpg\" alt=\"\" width=\"1266\" height=\"522\" \/><\/a><\/span><\/p>\n<p style=\"text-align: center;\">************************************************<\/p>\n<h2 style=\"text-align: center;\"><span style=\"color: #000080;\">Bew\u00e4hrtes erhalten<\/span><\/h2>\n<h2 style=\"text-align: center;\"><em>und<\/em><\/h2>\n<h2 style=\"text-align: center;\"><span style=\"color: #000080;\">in zeitgem\u00e4\u00dfe Form bringen.<\/span><\/h2>\n<p style=\"text-align: center;\"><span style=\"color: #000080;\"><em>Motto des Deutschen Suzuki Instituts<\/em><\/span><\/p>\n<p style=\"text-align: center;\">************************************************<\/p>\n<h3><\/h3>\n<h3><\/h3>\n<h2 style=\"text-align: center;\"><span style=\"color: #000080;\"><strong>Entwicklung und Erprobung <\/strong>neuer Unterrichtsliteratur<\/span><\/h2>\n<p>&nbsp;<\/p>\n<h4><a href=\"https:\/\/www.germansuzuki.de\/?page_id=203\"><span style=\"color: #000080;\"><em><strong>Kerstin Wartberg<\/strong><\/em><\/span><\/a>, <span style=\"color: #000000;\">die k\u00fcnstlerisch-p\u00e4dagogische Leiterin des Deutschen Suzuki Instituts, arbeitet eng zusammen mit zahlreichen Kollegen an der Herausgabe von zeitgem\u00e4\u00dfen Notenheften und \u00dcbe-CDs. Ihre Kommentare sowie die von ausgew\u00e4hlten Lehrern in Amerika, Australien und Japan werden in der Endfassung ber\u00fccksichtigt.<\/span><\/h4>\n<h4><span style=\"color: #000000;\">Die weltweit arbeitenden Verlage <a href=\"https:\/\/www.alfredmusic.de\/catalogsearch\/result\/index\/?cat=0&amp;limit=36&amp;q=Kerstin+Wartberg\"><span style=\"color: #000080;\"><strong>Alfred<\/strong><\/span><\/a> mit Sitz in Los Angeles\/USA (Herausgeber der Suzuki-Instrumentalschulen), <a href=\"https:\/\/www.amazon.com\/s?k=Wartberg+Kerstin+Recital+Training+Edition+Peters&amp;i=stripbooks-intl-ship&amp;__mk_de_DE=%C3%85M%C3%85%C5%BD%C3%95%C3%91&amp;crid=2R8GP9ME6FVG8&amp;sprefix=wartberg+kerstin+recital+training+edition+peters%2Cstripbooks-intl-ship%2C217&amp;ref=nb_sb_noss\"><span style=\"color: #000080;\"><strong>Edition Peters<\/strong> <\/span><\/a>\u00a0und <a href=\"https:\/\/www.alle-noten.de\/index.php?cl=search&amp;searchparam=kerstin%20wartberg%20&amp;pgNr=1\"><span style=\"color: #000080;\"><strong>ISTEX MUSIC PUBLICATIONS<\/strong><\/span><\/a> haben bisher ca. 30 Notenhefte und CDs von Kerstin Wartberg ver\u00f6ffentlicht. Viele dieser Unterrichtsmaterialien sind in den Sprachen deutsch, englisch, franz\u00f6sisch, spanisch, koreanisch und<\/span><span style=\"color: #000080;\">\u00a0<a style=\"color: #000080;\" href=\"https:\/\/en.germansuzuki.com\/?page_id=197\"><strong>chinesisch <\/strong><\/a><\/span><span style=\"color: #000000;\">erschienen.<\/span><\/h4>\n[\/vc_column_text][\/vc_column][\/vc_row][vc_row type=&#8220;in_container&#8220; full_screen_row_position=&#8220;middle&#8220; scene_position=&#8220;center&#8220; text_color=&#8220;dark&#8220; text_align=&#8220;left&#8220; overlay_strength=&#8220;0.3&#8243; shape_divider_position=&#8220;bottom&#8220;][vc_column column_padding=&#8220;no-extra-padding&#8220; column_padding_position=&#8220;all&#8220; background_color_opacity=&#8220;1&#8243; background_hover_color_opacity=&#8220;1&#8243; column_shadow=&#8220;none&#8220; column_border_radius=&#8220;none&#8220; width=&#8220;1\/3&#8243; tablet_text_alignment=&#8220;default&#8220; phone_text_alignment=&#8220;default&#8220; column_border_width=&#8220;none&#8220; column_border_style=&#8220;solid&#8220;][vc_column_text]<a href=\"https:\/\/en.germansuzuki.com\/wp-content\/uploads\/2018\/02\/Suzukiehepaar-m.-K.jpg\"><img decoding=\"async\" loading=\"lazy\" class=\" wp-image-3032\" src=\"https:\/\/en.germansuzuki.com\/wp-content\/uploads\/2018\/02\/Suzukiehepaar-m.-K.jpg\" alt=\"\" width=\"300\" height=\"315\" \/><\/a><br \/>\n<em>Dr. Shinichi Suzuki mit seiner Frau Waltraud<br \/>\n<\/em><em>und Kerstin Wartberg<\/em><\/p>\n<p><em>\u00a0<\/em>[\/vc_column_text][\/vc_column][vc_column column_padding=&#8220;no-extra-padding&#8220; column_padding_position=&#8220;all&#8220; background_color_opacity=&#8220;1&#8243; background_hover_color_opacity=&#8220;1&#8243; column_shadow=&#8220;none&#8220; column_border_radius=&#8220;none&#8220; top_margin=&#8220;50&#8243; width=&#8220;2\/3&#8243; tablet_text_alignment=&#8220;default&#8220; phone_text_alignment=&#8220;default&#8220; column_border_width=&#8220;none&#8220; column_border_style=&#8220;solid&#8220;][vc_column_text]\n<h3><span style=\"color: #000080;\"><strong><a style=\"color: #000080;\" href=\"https:\/\/suzukiassociation.org\/about\/suzuki-method\/shinichi-suzuki\/\">Dr. Shinichi Suzuki<\/a>,<\/strong><\/span><br \/>\n<strong>schrieb in seinem Vorwort zu SCHRITT f\u00fcr SCHRITT:<\/strong><\/h3>\n<p>&nbsp;<\/p>\n<h4><span style=\"color: #000000;\">&#8222;Kerstin Wartberg war die erste Deutsche, die am Talent Education Institute in Matsumoto\/Japan studierte und graduierte. Sie steht seitdem nun schon \u00fcber viele Jahre mit meiner Frau und mir in enger Verbindung.<\/span><\/h4>\n<h4><span style=\"color: #000000;\">Ich freue mich, da\u00df sie meine Unterrichtsweise aus methodisch-didaktischer und aus \u00fcbergeordneter Sicht dem interessierten Leser nahebringen will. So w\u00fcnsche ich ihren Ver\u00f6ffentlichungen eine weite Verbreitung und hoffe, da\u00df sie auf fruchtbaren Boden fallen werden.&#8220;<\/span><\/h4>\n<p><span style=\"color: #ffffff;\">1<\/span>[\/vc_column_text]<div class=\"divider-wrap\"><div style=\"height: 25px;\" class=\"divider\"><\/div><\/div>[vc_column_text]<strong><img decoding=\"async\" loading=\"lazy\" class=\"alignright wp-image-3231\" src=\"https:\/\/en.germansuzuki.com\/wp-content\/uploads\/2018\/03\/Suzuki-SignumDatum_GRAU-1024x90.jpg\" alt=\"\" width=\"649\" height=\"57\" \/><\/strong>[\/vc_column_text][\/vc_column][\/vc_row]\n","protected":false},"excerpt":{"rendered":"<p>[vc_row type=&#8220;in_container&#8220; full_screen_row_position=&#8220;middle&#8220; scene_position=&#8220;center&#8220; text_color=&#8220;dark&#8220; text_align=&#8220;left&#8220; overlay_strength=&#8220;0.3&#8243; shape_divider_position=&#8220;bottom&#8220;][vc_column column_padding=&#8220;no-extra-padding&#8220; column_padding_position=&#8220;all&#8220; background_color_opacity=&#8220;1&#8243; background_hover_color_opacity=&#8220;1&#8243; column_shadow=&#8220;none&#8220; column_border_radius=&#8220;none&#8220; width=&#8220;1\/1&#8243; tablet_text_alignment=&#8220;default&#8220; phone_text_alignment=&#8220;default&#8220; column_border_width=&#8220;none&#8220; column_border_style=&#8220;solid&#8220;][vc_column_text] ************************************************ Bew\u00e4hrtes erhalten und in zeitgem\u00e4\u00dfe Form bringen. Motto des Deutschen&#8230;<\/p>\n","protected":false},"author":2,"featured_media":0,"parent":0,"menu_order":1,"comment_status":"closed","ping_status":"closed","template":"","meta":[],"_links":{"self":[{"href":"https:\/\/www.germansuzuki.de\/index.php?rest_route=\/wp\/v2\/pages\/1725"}],"collection":[{"href":"https:\/\/www.germansuzuki.de\/index.php?rest_route=\/wp\/v2\/pages"}],"about":[{"href":"https:\/\/www.germansuzuki.de\/index.php?rest_route=\/wp\/v2\/types\/page"}],"author":[{"embeddable":true,"href":"https:\/\/www.germansuzuki.de\/index.php?rest_route=\/wp\/v2\/users\/2"}],"replies":[{"embeddable":true,"href":"https:\/\/www.germansuzuki.de\/index.php?rest_route=%2Fwp%2Fv2%2Fcomments&post=1725"}],"version-history":[{"count":21,"href":"https:\/\/www.germansuzuki.de\/index.php?rest_route=\/wp\/v2\/pages\/1725\/revisions"}],"predecessor-version":[{"id":7496,"href":"https:\/\/www.germansuzuki.de\/index.php?rest_route=\/wp\/v2\/pages\/1725\/revisions\/7496"}],"wp:attachment":[{"href":"https:\/\/www.germansuzuki.de\/index.php?rest_route=%2Fwp%2Fv2%2Fmedia&parent=1725"}],"curies":[{"name":"wp","href":"https:\/\/api.w.org\/{rel}","templated":true}]}}