{"id":1358,"date":"2010-05-03T12:03:37","date_gmt":"2010-05-03T10:03:37","guid":{"rendered":"http:\/\/www.germansuzuki.com\/?page_id=1358"},"modified":"2018-01-08T16:04:20","modified_gmt":"2018-01-08T14:04:20","slug":"deutsche-suzuki-gesellschaft-3","status":"publish","type":"page","link":"https:\/\/www.germansuzuki.de\/?page_id=1358","title":{"rendered":"DSG e.V."},"content":{"rendered":"<p>&nbsp;<\/p>\n<h4><\/h4>\n<p><span style=\"color: #000000;\"><strong><a href=\"http:\/\/www.germansuzuki.com\/wp-content\/uploads\/2010\/05\/Dr._Ingrid_Schlenk.jpg\"><img decoding=\"async\" loading=\"lazy\" class=\"alignleft size-full wp-image-2923\" style=\"border: 1px solid black;\" title=\"Dr._Ingrid_Schlenk\" src=\"http:\/\/www.germansuzuki.com\/wp-content\/uploads\/2010\/05\/Dr._Ingrid_Schlenk.jpg\" alt=\"\" width=\"328\" height=\"218\" srcset=\"https:\/\/www.germansuzuki.de\/wp-content\/uploads\/2010\/05\/Dr._Ingrid_Schlenk.jpg 945w, https:\/\/www.germansuzuki.de\/wp-content\/uploads\/2010\/05\/Dr._Ingrid_Schlenk-300x199.jpg 300w\" sizes=\"(max-width: 328px) 100vw, 328px\" \/><\/a><\/strong><\/span><\/p>\n<p>&nbsp;<\/p>\n<p><span style=\"color: #ffffff;\"><strong>1. Vorsitzende<\/strong><\/span><\/p>\n<p><span style=\"color: #000000;\"><strong>1. Vorsitzende<\/strong><strong><br \/>\nDr. Ingrid Schlenk<\/strong><strong><br \/>\nPianistin und Kinder\u00e4rztin<br \/>\nEmail: info@germansuzuki.com<br \/>\n<\/strong><\/span><\/p>\n<p><em>Hier:<\/em><em><br \/>\nW\u00e4hrend des Lehrer-Workshops vom<br \/>\n25. &#8211; 28.11.2011 in der Akademie Remscheid<\/em><\/p>\n<p><span style=\"color: #ffffff;\"><em>1<\/em><\/span><\/p>\n<p><span style=\"color: #ffffff;\"><em>1<\/em><\/span><\/p>\n<p><em><br \/>\n<\/em><\/p>\n<p>&nbsp;<\/p>\n<p>&nbsp;<\/p>\n<h4><span style=\"color: #000000;\"><strong><a href=\"http:\/\/www.germansuzuki.com\/wp-content\/uploads\/2010\/04\/wartberg.ashx_.jpeg\"><img decoding=\"async\" loading=\"lazy\" class=\"alignright size-full wp-image-569\" style=\"margin-left: 5px; margin-right: 0px; border: 1px solid black;\" title=\"wartberg.ashx\" src=\"http:\/\/www.germansuzuki.com\/wp-content\/uploads\/2010\/04\/wartberg.ashx_.jpeg\" alt=\"\" width=\"114\" height=\"121\" \/><\/a><\/strong><\/span><\/h4>\n<h4><\/h4>\n<p style=\"text-align: right;\"><span style=\"color: #ffffff;\">1<\/span><\/p>\n<p style=\"text-align: right;\"><strong>Stellvertretende Vorsitzende<\/strong><strong><a href=\"http:\/\/www.germansuzuki.com\/?page_id=203\"><br \/>\nKerstin Wartberg<\/a> <\/strong><\/p>\n<p style=\"text-align: right;\"><strong>k\u00fcnstlerisch-p\u00e4dagogische Leiterin<br \/>\ndes Deutschen Suzuki Instituts<br \/>\n<span style=\"color: #000000;\">Email: info@germansuzuki.com<\/span><br \/>\n<\/strong><\/p>\n<p style=\"text-align: center;\"><span style=\"color: #ffffff;\">1<\/span><\/p>\n<blockquote>\n<h2 style=\"text-align: center;\"><strong>Die Deutsche Suzuki Gesellschaft e.V.<\/strong><\/h2>\n<p>&nbsp;<\/p>\n<p style=\"text-align: center;\"><span style=\"color: #000000;\">ist gegenw\u00e4rtig weltweit der einzige Suzuki-Verband,<\/span><\/p>\n<p style=\"text-align: center;\"><span style=\"color: #000000;\">der sich neben<\/span><\/p>\n<h2 style=\"text-align: center;\"><a href=\"http:\/\/www.germansuzuki.com\/?page_id=1999\">der Lehrerausbildung<\/a><\/h2>\n<p style=\"text-align: center;\"><span style=\"color: #000000;\">schwerpunktm\u00e4\u00dfig der<\/span><\/p>\n<h2 style=\"text-align: center;\"><a href=\"http:\/\/www.germansuzuki.com\/?page_id=814\">Entwicklung neuer Unterrichtsmaterialien<\/a><\/h2>\n<p style=\"text-align: center;\"><span style=\"color: #000000;\">widmet.<\/span><\/p>\n<\/blockquote>\n<p style=\"text-align: center;\"><a href=\"http:\/\/www.germansuzuki.com\/wp-content\/uploads\/2010\/05\/Kerstin_m._fliegenden_Haaren.jpg\"><img decoding=\"async\" loading=\"lazy\" class=\"  wp-image-5888 aligncenter\" src=\"http:\/\/www.germansuzuki.com\/wp-content\/uploads\/2010\/05\/Kerstin_m._fliegenden_Haaren-1024x682.jpg\" alt=\"Suzuki workshop 2014\" width=\"545\" height=\"363\" srcset=\"https:\/\/www.germansuzuki.de\/wp-content\/uploads\/2010\/05\/Kerstin_m._fliegenden_Haaren-1024x682.jpg 1024w, https:\/\/www.germansuzuki.de\/wp-content\/uploads\/2010\/05\/Kerstin_m._fliegenden_Haaren-300x200.jpg 300w, https:\/\/www.germansuzuki.de\/wp-content\/uploads\/2010\/05\/Kerstin_m._fliegenden_Haaren.jpg 1280w\" sizes=\"(max-width: 545px) 100vw, 545px\" \/><\/a><\/p>\n<p style=\"text-align: justify;\"><span style=\"color: #000000;\">Die <em><strong>Deutsche Suzuki Gesellschaft e.V. <\/strong><strong>(DSG)<\/strong><\/em> ist eine Vereinigung von Instrumental- und allgemeinbildenden Lehrern, Erziehern, Eltern und anderen Personen, die sich f\u00fcr die gezielte F\u00f6rderung von Kindern, Jugendlichen und Erwachsenen auf den Gebieten der Kunst einsetzen, insbesondere im Bereich der Musik nach der Methode von Professor Dr. h.c. <a href=\"http:\/\/www.germansuzuki.com\/?page_id=1987\">Shinichi Suzuki<\/a>. Die DSG betreibt und f\u00f6rdert die Suzuki-Musikschulen und das <strong><em>Deutsche Suzuki Institut (DSI).<\/em><\/strong> N\u00e4here Informationen zur Mitgliedschaft erhalten Sie <a href=\"http:\/\/www.germansuzuki.com\/?page_id=451\">hier.<\/a><\/span><\/p>\n<p><span style=\"color: #000000;\">Das 1983 gegr\u00fcndete Deutsche Suzuki Institut e.V. (DSI) wurde im Jahre 1988 in Deutsche Suzuki Gesellschaft e.V. (DSG) umbenannt. Die DSG ist als gemeinn\u00fctziger Verein vom Finanzamt Hof\/Bayern anerkannt. Der Name Deutsches Suzuki Institut blieb als Bestandteil der Deutschen Suzuki Gesellschaft e.V. erhalten.<\/span><\/p>\n<p>&nbsp;<\/p>\n<p><span style=\"color: #000000;\"><span style=\"color: #ffffff;\">1<\/span> <\/span><\/p>\n<p><span style=\"color: #000000;\"><strong>Die Aufgaben der DSG sind u.a. folgende:<\/strong><\/span><\/p>\n<ul>\n<li><span style=\"color: #000000;\">F\u00f6rderung der Suzuki-P\u00e4dagogik in Deutschland<\/span><\/li>\n<li><span style=\"color: #000000;\">Betreuung der Vereinsmitglieder<\/span><\/li>\n<li><span style=\"color: #000000;\">Herausgabe von Informationsmaterial wie Lehrerlisten, Veranstaltungspl\u00e4ne etc.<\/span><\/li>\n<li><span style=\"color: #000000;\">Organisation der Suzuki-Lehrerausbildungskurse<\/span><\/li>\n<li><span style=\"color: #000000;\">Betreiben und F\u00f6rdern des DSI mit eigenst\u00e4ndiger k\u00fcnstlerisch-p\u00e4dagogischer Leitung<\/span><\/li>\n<\/ul>\n<p><span style=\"color: #000000;\"><strong>Die Aufgaben des DSI sind u.a.:<\/strong><\/span><\/p>\n<ul>\n<li><span style=\"color: #000000;\">Inhaltliche Planung und Durchf\u00fchrung der Lehreraus- und Fortbildung in der Suzuki Methode<\/span><\/li>\n<li><span style=\"color: #000000;\">Forschungsarbeit auf dem Gebiet der Musikp\u00e4dagogik<\/span><\/li>\n<li><span style=\"color: #000000;\">Entwicklung neuer Unterrichtsmaterialien<\/span><\/li>\n<li><span style=\"color: #000000;\">Pflege des internationalen Erfahrungsaustausches<\/span><\/li>\n<li><span style=\"color: #000000;\">Sicherung der Qualit\u00e4tsma\u00dfst\u00e4be und F\u00f6rderung des DSG-Vereinszweckes<\/span><\/li>\n<\/ul>\n","protected":false},"excerpt":{"rendered":"<p>&nbsp; &nbsp; 1. Vorsitzende 1. Vorsitzende Dr. Ingrid Schlenk Pianistin und Kinder\u00e4rztin Email: info@germansuzuki.com Hier: W\u00e4hrend des Lehrer-Workshops vom 25. &#8211; 28.11.2011 in der Akademie Remscheid 1 1 &nbsp; &nbsp;&#8230;<\/p>\n","protected":false},"author":2,"featured_media":0,"parent":0,"menu_order":1,"comment_status":"closed","ping_status":"closed","template":"","meta":[],"_links":{"self":[{"href":"https:\/\/www.germansuzuki.de\/index.php?rest_route=\/wp\/v2\/pages\/1358"}],"collection":[{"href":"https:\/\/www.germansuzuki.de\/index.php?rest_route=\/wp\/v2\/pages"}],"about":[{"href":"https:\/\/www.germansuzuki.de\/index.php?rest_route=\/wp\/v2\/types\/page"}],"author":[{"embeddable":true,"href":"https:\/\/www.germansuzuki.de\/index.php?rest_route=\/wp\/v2\/users\/2"}],"replies":[{"embeddable":true,"href":"https:\/\/www.germansuzuki.de\/index.php?rest_route=%2Fwp%2Fv2%2Fcomments&post=1358"}],"version-history":[{"count":28,"href":"https:\/\/www.germansuzuki.de\/index.php?rest_route=\/wp\/v2\/pages\/1358\/revisions"}],"predecessor-version":[{"id":6440,"href":"https:\/\/www.germansuzuki.de\/index.php?rest_route=\/wp\/v2\/pages\/1358\/revisions\/6440"}],"wp:attachment":[{"href":"https:\/\/www.germansuzuki.de\/index.php?rest_route=%2Fwp%2Fv2%2Fmedia&parent=1358"}],"curies":[{"name":"wp","href":"https:\/\/api.w.org\/{rel}","templated":true}]}}