{"id":1059,"date":"2010-05-01T22:49:44","date_gmt":"2010-05-01T20:49:44","guid":{"rendered":"http:\/\/www.germansuzuki.com\/?page_id=1059"},"modified":"2024-02-07T21:31:13","modified_gmt":"2024-02-07T19:31:13","slug":"erziehung-durch-musik-3","status":"publish","type":"page","link":"https:\/\/www.germansuzuki.de\/?page_id=1059","title":{"rendered":"Erziehung durch Musik"},"content":{"rendered":"<p>&nbsp;<\/p>\n<p style=\"text-align: justify;\"><span style=\"color: #000000;\"><a href=\"http:\/\/www.germansuzuki.com\/wp-content\/uploads\/2010\/05\/Erziehung.1.jpg\"><img decoding=\"async\" loading=\"lazy\" class=\"size-full wp-image-1015 alignnone\" style=\"border: 1px solid black;\" title=\"Erziehung.\" src=\"http:\/\/www.germansuzuki.com\/wp-content\/uploads\/2010\/05\/Erziehung.1.jpg\" alt=\"\" width=\"234\" height=\"330\" \/><\/a><br \/>\n<\/span><\/p>\n<p style=\"text-align: justify;\"><span style=\"color: #0000ff;\"><strong>8. \u00fcberarbeitete und erg\u00e4nzte Auflage, M\u00e4rz 2010<\/strong><\/span><\/p>\n<p style=\"text-align: justify;\">Anfang 2018 wurde das Heft <strong><em>Erziehung durch Musik <\/em><\/strong>\u00fcberarbeitet.\u00a0 Die Gesamtseitenzahl betr\u00e4gt 84.<br \/>\nDerzeit ist das Heft nicht mehr als Printversion erh\u00e4ltlich, sondern nur <strong>als digitaler Download mit PDF-Dateien. <\/strong>Es ist in die Mediathek des &#8222;International Music Teachers Exchange&#8220; aufgenommen worden.<\/p>\n<p style=\"text-align: justify;\"><span style=\"color: #000000;\">Das Kapitel <em>Die ersten zehn Schritte<\/em> haben wir u.a. mit zahlreichen neuen Fotos bereichert. Unsere niedlichen Fotomodelle stammen bis auf wenige Ausnahmen aus der Familie <em>Averdung<\/em>. Frau Averdung ist Suzuki Teacher Trainerin in D\u00fcsseldorf und Mutter von f\u00fcnf Geige spielenden Jungen.<\/span><\/p>\n<h2><span style=\"color: #993300;\"><a style=\"color: #993300;\" href=\"https:\/\/www.imtex-online.com\/mediathek\/article\/322\/001\/wartberg-kerstin-erziehungdurchmusik.html\/\"><strong>KOSTENLOSER DOWNLOAD<\/strong><\/a><\/span> <strong><br \/>\n<\/strong><\/h2>\n<p><span style=\"color: #ffffff;\">1<\/span><\/p>\n<h2><span style=\"color: #0000ff;\"><strong>Inhalt<\/strong><\/span><\/h2>\n<p><strong>ERZIEHUNG DURCH MUSIK<\/strong><\/p>\n<p><strong>1. LEBEN UND WERK DES MUSIKP\u00c4DAGOGEN SHINICHI SUZUKI<\/strong><\/p>\n<p>Kurzbeschreibung der Suzuki-Methode<\/p>\n<p><strong>2. DIE SUZUKI-ARBEIT IN DEUTSCHLAND<\/strong><\/p>\n<p>2.1. Die internationalen Suzuki-Organisationen<br \/>\n2.2. Die Deutsche Suzuki Gesellschaft e.V.<\/p>\n<p><strong>3. AUS DER PRAXIS DES SUZUKI-UNTERRICHTS<\/strong><\/p>\n<p>3.1. Das bunte Unterrichtsangebot<br \/>\n3.1.1. Einzelunterricht in Anwesenheit anderer Kinder und Eltern &#8211; Die kleinste Einheit des Gruppenunterrichts<br \/>\n3.1.2. Die kleine Gruppe &#8211; Gemeinsam lernen, gemeinsam \u00fcben, gemeinsam froh sein<br \/>\n3.1.3. Die gro\u00dfe Gruppe &#8211; Wechselseitige F\u00f6rderung und gegenseitige Anregung<br \/>\n3.1.4. Konzerte, Workshops, Orchester, Kammermusikgruppen und Musikfreizeiten &#8211; Treffpunkt und Gemeinschaftserlebnis<br \/>\n3.2.1. Die Unterrichtsorganisation<br \/>\n3.2.2. Der Unterrichtsraum und seine Ausstattung<br \/>\n3.2.3. Der Suzuki-Lehrer und seine Qualifikation als wichtigste Unterrichtsvoraussetzung<br \/>\n3.2.4. \u00dcbersichtsplan der Unter-, Mittel- und Oberstufe<\/p>\n<p><strong>4. EINF\u00dcHRUNG IN DEN ANF\u00c4NGERUNTERRICHT<\/strong><\/p>\n<p><strong>4.1 Die ersten zehn Unterrichtschritte eines kleinen Geigensch\u00fclers (Vorbereitungsstufe)<\/strong><\/p>\n<p>4.1.1. Die Fu\u00dfstellung und die Verbeugung<br \/>\n4.1.2. Die Geigenhaltung<br \/>\n4.1.3. Die Bogenhaltung<br \/>\n4.1.4. Wir spielen den ersten Twinkle-Rhythmus<br \/>\n4.1.5. Der Saitenwechsel von der E- zur A-Saite und das A-Saiten-Liedchen<br \/>\n4.1.6. Die Haltung der linken Hand und erste Greifversuche<br \/>\n4.1.7. Die Vorbereitungstechnik und das Drei-Finger-Liedchen<br \/>\n4.1.8. Die Erweiterung des Tonraumes<br \/>\n4.1.9. Die erste Variation von &#8222;Twinkle&#8220;<br \/>\n4.1.10.Wir spielen alle Twinkle-Variationen und das Thema<br \/>\n4.1.11.Vorbereitungen f\u00fcr den Unterrichtsbeginn<br \/>\n4.1.12. \u00dcbungen zum ersten Schritt<br \/>\n4.1.13. \u00dcbungen zum zweiten Schritt<br \/>\n4.1.14. \u00dcbungen zum dritten Schritt<br \/>\n4.1.15. Vorbereitungen auf den vierten Schritt<br \/>\n4.1.16. Klang \u2013 Das wichtigste Unterrichtsziel; Haltung \u2013 der wichtigste Unterrichtspunkt im Anf\u00e4ngerbereich<br \/>\n4.1.17 Anregungen und Noten zu den restlichen Schritten<\/p>\n<p><strong>4.2. Spielerische \u00dcbungen f\u00fcr den Gruppenunterricht (Heft 1 \/ 2) <\/strong><\/p>\n<p>4.2.1. Dynamik- und Bogeneinteilungs\u00fcbung<br \/>\n4.2.2. Allgemeine Haltungs\u00fcbungen<br \/>\n4.2.3. \u00dcbungen zur Bogenhaltung<br \/>\n4.2.4. Geh\u00f6r\u00fcbungen<br \/>\n4.2.5. Konzentrations- und Koordinations\u00fcbung durch die Trennung der linken und rechten Handtechnik<br \/>\n4.2.6. Konzentrations- und Koordinations\u00fcbungen durch eine zus\u00e4tzliche Aufgabe<br \/>\n4.2.7. Reaktionsspiel<br \/>\n4.2.8. Notenlesespiele<br \/>\n4.2.9. Konzentrations- und Koordinations\u00fcbung durch neue rhythmische Variationen<br \/>\n4.2.10. \u00dcbungen zum Ensemblespiel<br \/>\n4.2.11. \u00dcbung zur Repertoirefestigung<br \/>\n4.2.12. Rhythmus\u00fcbung<br \/>\n4.2.13. Gel\u00e4ufigkeits\u00fcbungen<br \/>\n4.2.14. \u00dcbungen zur Entwicklung von Konzentration und Koordination<br \/>\n4.2.15. Konzentrations- und Koordinations\u00fcbung durch Nachahmung<br \/>\n4.2.16. Wiederholungsspiel, bei dem s\u00e4mtliche bisher erlernten St\u00fccke und \u00dcbungen abgefragt werden k\u00f6nnen<br \/>\n4.2.17. Erarbeitung von mehrstimmigen St\u00fccken<br \/>\n4.2.18 Wir spielen &#8222;Konzert&#8220;<\/p>\n<p><strong>5. METHODISCHE PRINZIPIEN DES ANF\u00c4NGERUNTERRICHTS<\/strong><\/p>\n<p>5.1. LERNEN im SPIEL oder SPIELEND LERNEN<br \/>\n5.1.1. Biologische Mechanismen beim Lernen<br \/>\n5.2. Wiederholung &#8211; eine unabdingbare Voraussetzung f\u00fcr die Entwicklung von F\u00e4higkeiten<br \/>\n5.3. &#8222;Die Methode der kleinen Schritte&#8220;<br \/>\n5.4. Die Konzentration auf einen einzigen Punkt<br \/>\n5.5. Checkliste f\u00fcr den Einzelunterricht &#8211; Zehn Fragen an den Lehrer<br \/>\n5.6. Der Spracherwerb als Vorbild f\u00fcr kindgem\u00e4\u00dfes Lernen<br \/>\n5.6.1. Spiel ohne Noten<br \/>\n5.6.2. Die \u00dcbertragung der &#8222;Muttersprachen-Methode&#8220; auf den Fr\u00fchinstrumentalunterricht<br \/>\n5.7. Die Grundpfeiler der Suzuki-Methode<br \/>\n5.8. Was k\u00f6nnen Instrumentallehrer von einem F\u00e4hrmann lernen?<\/p>\n<p><strong>6. ERZIEHUNG DURCH MUSIK<\/strong><\/p>\n<p>6.1. Musik von Anfang an<br \/>\n6.2. Die Suzuki-Methode im Lichte heutiger wissenschaftlicher Erkenntnisse<br \/>\n6.3. &#8222;Erziehung mu\u00df wieder den Auftrag der ganzheitlichen Menschenbildung \u00fcbernehmen&#8220; (Suzuki)<br \/>\n6.4. H\u00e4ufige seelische Erkrankungen von Kindern und Jugendlichen<br \/>\n6.5. Die Wirkung der Musik auf die kindliche Seele<br \/>\n6.6. \u00dcber gute und schlechte Musik (Schostakowitsch)<\/p>\n","protected":false},"excerpt":{"rendered":"<p>&nbsp; 8. \u00fcberarbeitete und erg\u00e4nzte Auflage, M\u00e4rz 2010 Anfang 2018 wurde das Heft Erziehung durch Musik \u00fcberarbeitet.\u00a0 Die Gesamtseitenzahl betr\u00e4gt 84. Derzeit ist das Heft nicht mehr als Printversion erh\u00e4ltlich,&#8230;<\/p>\n","protected":false},"author":2,"featured_media":0,"parent":0,"menu_order":8,"comment_status":"open","ping_status":"open","template":"","meta":[],"_links":{"self":[{"href":"https:\/\/www.germansuzuki.de\/index.php?rest_route=\/wp\/v2\/pages\/1059"}],"collection":[{"href":"https:\/\/www.germansuzuki.de\/index.php?rest_route=\/wp\/v2\/pages"}],"about":[{"href":"https:\/\/www.germansuzuki.de\/index.php?rest_route=\/wp\/v2\/types\/page"}],"author":[{"embeddable":true,"href":"https:\/\/www.germansuzuki.de\/index.php?rest_route=\/wp\/v2\/users\/2"}],"replies":[{"embeddable":true,"href":"https:\/\/www.germansuzuki.de\/index.php?rest_route=%2Fwp%2Fv2%2Fcomments&post=1059"}],"version-history":[{"count":10,"href":"https:\/\/www.germansuzuki.de\/index.php?rest_route=\/wp\/v2\/pages\/1059\/revisions"}],"predecessor-version":[{"id":1061,"href":"https:\/\/www.germansuzuki.de\/index.php?rest_route=\/wp\/v2\/pages\/1059\/revisions\/1061"}],"wp:attachment":[{"href":"https:\/\/www.germansuzuki.de\/index.php?rest_route=%2Fwp%2Fv2%2Fmedia&parent=1059"}],"curies":[{"name":"wp","href":"https:\/\/api.w.org\/{rel}","templated":true}]}}